{"id":2815,"date":"2025-08-05T17:28:55","date_gmt":"2025-08-05T20:28:55","guid":{"rendered":"https:\/\/aliserve.com.br\/?page_id=2815"},"modified":"2025-08-05T17:32:41","modified_gmt":"2025-08-05T20:32:41","slug":"qual-o-beneficio-de-contratar-os-nossos-servicos","status":"publish","type":"page","link":"https:\/\/aliserve.com.br\/index.php\/qual-o-beneficio-de-contratar-os-nossos-servicos\/","title":{"rendered":"Qual o benef\u00edcio de contratar os nossos servi\u00e7os!"},"content":{"rendered":"<h2><img loading=\"lazy\" decoding=\"async\" class=\"alignnone size-medium wp-image-2611\" src=\"http:\/\/aliserve.com.br\/wp-content\/uploads\/2025\/08\/a533a4e1266105b588e3436e212411ff-300x300.jpg\" alt=\"\" width=\"300\" height=\"300\" srcset=\"https:\/\/aliserve.com.br\/wp-content\/uploads\/2025\/08\/a533a4e1266105b588e3436e212411ff-300x300.jpg 300w, https:\/\/aliserve.com.br\/wp-content\/uploads\/2025\/08\/a533a4e1266105b588e3436e212411ff-150x150.jpg 150w, https:\/\/aliserve.com.br\/wp-content\/uploads\/2025\/08\/a533a4e1266105b588e3436e212411ff.jpg 400w\" sizes=\"auto, (max-width: 300px) 100vw, 300px\" \/><\/h2>\n<h2>1 &#8211; Funcion\u00e1rio treinado e auto gerenci\u00e1vel.<br \/>\n2 &#8211; Cronograma de atividades por tempo.<br \/>\n3 &#8211; Supervis\u00e3o constante e acompanhamento.<br \/>\n4 &#8211; Atendimento r\u00e1pido ao cliente quando preciso.<br \/>\n5 &#8211; P\u00f3s atendimento com o cliente, verificando como est\u00e1 o andamento do funcion\u00e1rio.<\/h2>\n<p>&nbsp;<\/p>\n<p>Quer mandar uma proposta?<\/p>\n<h2><a href=\"mailto:comercial@aliserve.com.br\"><strong>comercial@aliserve.com.br<\/strong><\/a><\/h2>\n<p>&nbsp;<\/p>\n","protected":false},"excerpt":{"rendered":"<p>1 &#8211; Funcion\u00e1rio treinado e auto gerenci\u00e1vel. 2 &#8211; Cronograma de atividades por tempo. 3 &#8211; Supervis\u00e3o constante e acompanhamento. 4 &#8211; Atendimento r\u00e1pido ao cliente quando preciso. 5 &#8211; P\u00f3s atendimento com o cliente, verificando como est\u00e1 o andamento do funcion\u00e1rio. &nbsp; Quer mandar uma proposta? comercial@aliserve.com.br &nbsp;<\/p>\n","protected":false},"author":1,"featured_media":0,"parent":0,"menu_order":0,"comment_status":"closed","ping_status":"closed","template":"","meta":{"_monsterinsights_skip_tracking":false,"_monsterinsights_sitenote_active":false,"_monsterinsights_sitenote_note":"","_monsterinsights_sitenote_category":0,"_joinchat":[],"footnotes":""},"class_list":["post-2815","page","type-page","status-publish","hentry","entry"],"_links":{"self":[{"href":"https:\/\/aliserve.com.br\/index.php\/wp-json\/wp\/v2\/pages\/2815","targetHints":{"allow":["GET"]}}],"collection":[{"href":"https:\/\/aliserve.com.br\/index.php\/wp-json\/wp\/v2\/pages"}],"about":[{"href":"https:\/\/aliserve.com.br\/index.php\/wp-json\/wp\/v2\/types\/page"}],"author":[{"embeddable":true,"href":"https:\/\/aliserve.com.br\/index.php\/wp-json\/wp\/v2\/users\/1"}],"replies":[{"embeddable":true,"href":"https:\/\/aliserve.com.br\/index.php\/wp-json\/wp\/v2\/comments?post=2815"}],"version-history":[{"count":4,"href":"https:\/\/aliserve.com.br\/index.php\/wp-json\/wp\/v2\/pages\/2815\/revisions"}],"predecessor-version":[{"id":2818,"href":"https:\/\/aliserve.com.br\/index.php\/wp-json\/wp\/v2\/pages\/2815\/revisions\/2818"}],"wp:attachment":[{"href":"https:\/\/aliserve.com.br\/index.php\/wp-json\/wp\/v2\/media?parent=2815"}],"curies":[{"name":"wp","href":"https:\/\/api.w.org\/{rel}","templated":true}]}}