{"id":217,"date":"2021-09-27T09:22:44","date_gmt":"2021-09-27T12:22:44","guid":{"rendered":"http:\/\/aliserve.com.br\/?page_id=217"},"modified":"2021-11-05T17:29:25","modified_gmt":"2021-11-05T20:29:25","slug":"recepcionista","status":"publish","type":"page","link":"https:\/\/aliserve.com.br\/index.php\/recepcionista\/","title":{"rendered":"RECEPCIONISTA"},"content":{"rendered":"\t\t<div data-elementor-type=\"wp-page\" data-elementor-id=\"217\" class=\"elementor elementor-217\" data-elementor-settings=\"[]\">\n\t\t\t\t\t\t\t<div class=\"elementor-section-wrap\">\n\t\t\t\t\t\t\t<section class=\"elementor-section elementor-top-section elementor-element elementor-element-7f97936b elementor-section-stretched elementor-section-boxed elementor-section-height-default elementor-section-height-default\" data-id=\"7f97936b\" data-element_type=\"section\" data-settings=\"{&quot;background_background&quot;:&quot;classic&quot;,&quot;shape_divider_bottom&quot;:&quot;triangle-asymmetrical&quot;,&quot;shape_divider_bottom_negative&quot;:&quot;yes&quot;,&quot;stretch_section&quot;:&quot;section-stretched&quot;}\">\n\t\t\t\t\t\t\t<div class=\"elementor-background-overlay\"><\/div>\n\t\t\t\t\t\t<div class=\"elementor-shape elementor-shape-bottom\" data-negative=\"true\">\n\t\t\t<svg xmlns=\"http:\/\/www.w3.org\/2000\/svg\" viewBox=\"0 0 1000 100\" preserveAspectRatio=\"none\">\n\t<path class=\"elementor-shape-fill\" d=\"M737.9,94.7L0,0v100h1000V0L737.9,94.7z\"\/>\n<\/svg>\t\t<\/div>\n\t\t\t\t\t<div class=\"elementor-container elementor-column-gap-default\">\n\t\t\t\t\t<div class=\"elementor-column elementor-col-100 elementor-top-column elementor-element elementor-element-40dd3eca\" data-id=\"40dd3eca\" data-element_type=\"column\">\n\t\t\t<div class=\"elementor-widget-wrap elementor-element-populated\">\n\t\t\t\t\t\t\t\t<div class=\"elementor-element elementor-element-4fa7b016 elementor-widget elementor-widget-heading\" data-id=\"4fa7b016\" data-element_type=\"widget\" data-widget_type=\"heading.default\">\n\t\t\t\t<div class=\"elementor-widget-container\">\n\t\t\t<h1 class=\"elementor-heading-title elementor-size-default\">Recepcionista<\/h1>\t\t<\/div>\n\t\t\t\t<\/div>\n\t\t\t\t<div class=\"elementor-element elementor-element-54339435 elementor-widget elementor-widget-text-editor\" data-id=\"54339435\" data-element_type=\"widget\" data-widget_type=\"text-editor.default\">\n\t\t\t\t<div class=\"elementor-widget-container\">\n\t\t\t\t\t\t\t\t<p><span style=\"vertical-align: inherit;\"><span style=\"vertical-align: inherit;\">Equipe expecializada.<\/span><\/span><\/p>\t\t\t\t\t\t<\/div>\n\t\t\t\t<\/div>\n\t\t\t\t\t<\/div>\n\t\t<\/div>\n\t\t\t\t\t\t\t<\/div>\n\t\t<\/section>\n\t\t\t\t<section class=\"elementor-section elementor-top-section elementor-element elementor-element-8679ef6 elementor-section-boxed elementor-section-height-default elementor-section-height-default\" data-id=\"8679ef6\" data-element_type=\"section\">\n\t\t\t\t\t\t<div class=\"elementor-container elementor-column-gap-default\">\n\t\t\t\t\t<div class=\"elementor-column elementor-col-50 elementor-top-column elementor-element elementor-element-2846083\" data-id=\"2846083\" data-element_type=\"column\">\n\t\t\t<div class=\"elementor-widget-wrap elementor-element-populated\">\n\t\t\t\t\t\t\t\t<div class=\"elementor-element elementor-element-7f95c92 elementor-widget elementor-widget-text-editor\" data-id=\"7f95c92\" data-element_type=\"widget\" data-widget_type=\"text-editor.default\">\n\t\t\t\t<div class=\"elementor-widget-container\">\n\t\t\t\t\t\t\t\t<p><span style=\"vertical-align: inherit;\"><span style=\"vertical-align: inherit;\">A recepcionista \u00e9 respons\u00e1vel por atender o p\u00fablico, tanto pessoalmente quanto por telefone ou e-mail. <\/span><span style=\"vertical-align: inherit;\">Esse profissional faz agendamentos, d\u00e1 informa\u00e7\u00f5es e orienta a circula\u00e7\u00e3o das pessoas e visitantes.<\/span><\/span><\/p><h2><span style=\"vertical-align: inherit;\"><span style=\"vertical-align: inherit;\">Pr\u00e9-requisitos para esta profiss\u00e3o<\/span><\/span><\/h2><ul><li><span style=\"vertical-align: inherit;\"><span style=\"vertical-align: inherit;\">Ter paci\u00eancia<\/span><\/span><\/li><li><span style=\"vertical-align: inherit;\"><span style=\"vertical-align: inherit;\">Ser discreto<\/span><\/span><\/li><li><span style=\"vertical-align: inherit;\"><span style=\"vertical-align: inherit;\">Ter boa comunica\u00e7\u00e3o<\/span><\/span><\/li><li><span style=\"vertical-align: inherit;\"><span style=\"vertical-align: inherit;\">Ter autonomia<\/span><\/span><\/li><li><span style=\"vertical-align: inherit;\"><span style=\"vertical-align: inherit;\">Saber lidar com as pessoas<\/span><\/span><\/li><li><span style=\"vertical-align: inherit;\"><span style=\"vertical-align: inherit;\">Problemas de capacidade de resolu\u00e7\u00e3o<\/span><\/span><\/li><\/ul>\t\t\t\t\t\t<\/div>\n\t\t\t\t<\/div>\n\t\t\t\t\t<\/div>\n\t\t<\/div>\n\t\t\t\t<div class=\"elementor-column elementor-col-50 elementor-top-column elementor-element elementor-element-3882572\" data-id=\"3882572\" data-element_type=\"column\">\n\t\t\t<div class=\"elementor-widget-wrap elementor-element-populated\">\n\t\t\t\t\t\t\t\t<div class=\"elementor-element elementor-element-b4cf95f elementor-widget elementor-widget-text-editor\" data-id=\"b4cf95f\" data-element_type=\"widget\" data-widget_type=\"text-editor.default\">\n\t\t\t\t<div class=\"elementor-widget-container\">\n\t\t\t\t\t\t\t\t<p><strong><em><img loading=\"lazy\" decoding=\"async\" class=\" wp-image-1013 alignleft\" src=\"http:\/\/aliserve.com.br\/wp-content\/uploads\/2021\/10\/BeneficiosEmContratar2-300x282.png\" sizes=\"auto, (max-width: 40px) 100vw, 40px\" srcset=\"http:\/\/aliserve.com.br\/wp-content\/uploads\/2021\/10\/BeneficiosEmContratar2-300x282.png 300w, http:\/\/aliserve.com.br\/wp-content\/uploads\/2021\/10\/BeneficiosEmContratar2.png 749w\" alt=\"\" width=\"40\" height=\"38\" \/>BENEF\u00cdCIOS EM NOS CONTRATAR:<\/em><\/strong><\/p><ul><li>DESENVOLVEMOS UMA ESCALA INTELIGENTE E ECON\u00d4MICA;<\/li><li>DESENVOLVEMOS O PROCEDIMENTO DE LIMPEZA DETALHADO DO DIA-A-DIA, PARA OTIMIZAR O TEMPO DO COLABORADOR E AUTOMATICAMENTE DIMINUINDO O CUSTO DO NOSSO CLIENTE;<\/li><li>OFERECEMOS COLABORADORES COM O PERFIL EXIGIDO;<\/li><li>OFERECEMOS REUNI\u00d5ES DE FEEDBACK PARA MELHORIAS E SUPERVIS\u00c3O AOS COLABORADORES;<\/li><li>FAZEMOS A TROCA DE IMEDIATO CASO O COLABORADOR N\u00c3O ATENDA OS REQUISITOS;<\/li><li>PLANTONISTA E FOLGUISTA PARA SUPRIR CASO ALGUM COLABORADOR VENHA A FALTAR;<\/li><li>BONIFICA\u00c7\u00c3O PARA QUE O COLABORADOR N\u00c3O FALTE;<\/li><li>PAGAMENTO CORRETO DOS ENCARGOS E TRIBUTOS TRABALHISTAS;<\/li><li>FUN\u00c7\u00c3O DE CADA COLABORADOR DE ACORDO E ESPECIFICADO EM CONTRATO E EM CARTEIRA DE TRABALHO;<\/li><li>TRABALHO PARA EVITAR A\u00c7\u00d5ES TRABALHISTAS;<\/li><li>SEGURO CONTRA ACIDENTES DE TRABALHO OU RECLAMA\u00c7\u00d5ES TRABALHISTAS;<\/li><li>PROVEMOS OS IP\u2019S.<\/li><\/ul>\t\t\t\t\t\t<\/div>\n\t\t\t\t<\/div>\n\t\t\t\t\t<\/div>\n\t\t<\/div>\n\t\t\t\t\t\t\t<\/div>\n\t\t<\/section>\n\t\t\t\t<section class=\"elementor-section elementor-top-section elementor-element elementor-element-ae33af5 elementor-section-boxed elementor-section-height-default elementor-section-height-default\" data-id=\"ae33af5\" data-element_type=\"section\">\n\t\t\t\t\t\t<div class=\"elementor-container elementor-column-gap-default\">\n\t\t\t\t\t<div class=\"elementor-column elementor-col-50 elementor-top-column elementor-element elementor-element-136d18a\" data-id=\"136d18a\" data-element_type=\"column\">\n\t\t\t<div class=\"elementor-widget-wrap\">\n\t\t\t\t\t\t\t\t\t<\/div>\n\t\t<\/div>\n\t\t\t\t<div class=\"elementor-column elementor-col-50 elementor-top-column elementor-element elementor-element-7e98d98\" data-id=\"7e98d98\" data-element_type=\"column\">\n\t\t\t<div class=\"elementor-widget-wrap elementor-element-populated\">\n\t\t\t\t\t\t\t\t<div class=\"elementor-element elementor-element-5b244d0 elementor-widget elementor-widget-button\" data-id=\"5b244d0\" data-element_type=\"widget\" data-widget_type=\"button.default\">\n\t\t\t\t<div class=\"elementor-widget-container\">\n\t\t\t\t\t<div class=\"elementor-button-wrapper\">\n\t\t\t<a href=\"#\" class=\"elementor-button-link elementor-button elementor-size-sm\" role=\"button\">\n\t\t\t\t\t\t<span class=\"elementor-button-content-wrapper\">\n\t\t\t\t\t\t<span class=\"elementor-button-text\">QUERO UM OR\u00c7AMENTO<\/span>\n\t\t<\/span>\n\t\t\t\t\t<\/a>\n\t\t<\/div>\n\t\t\t\t<\/div>\n\t\t\t\t<\/div>\n\t\t\t\t\t<\/div>\n\t\t<\/div>\n\t\t\t\t\t\t\t<\/div>\n\t\t<\/section>\n\t\t\t\t<section class=\"elementor-section elementor-top-section elementor-element elementor-element-97723b8 elementor-section-boxed elementor-section-height-default elementor-section-height-default\" data-id=\"97723b8\" data-element_type=\"section\">\n\t\t\t\t\t\t<div class=\"elementor-container elementor-column-gap-default\">\n\t\t\t\t\t<div class=\"elementor-column elementor-col-100 elementor-top-column elementor-element elementor-element-db85484\" data-id=\"db85484\" data-element_type=\"column\">\n\t\t\t<div class=\"elementor-widget-wrap elementor-element-populated\">\n\t\t\t\t\t\t\t\t<div class=\"elementor-element elementor-element-3a8c53e elementor-widget elementor-widget-spacer\" data-id=\"3a8c53e\" data-element_type=\"widget\" data-widget_type=\"spacer.default\">\n\t\t\t\t<div class=\"elementor-widget-container\">\n\t\t\t\t\t<div class=\"elementor-spacer\">\n\t\t\t<div class=\"elementor-spacer-inner\"><\/div>\n\t\t<\/div>\n\t\t\t\t<\/div>\n\t\t\t\t<\/div>\n\t\t\t\t\t<\/div>\n\t\t<\/div>\n\t\t\t\t\t\t\t<\/div>\n\t\t<\/section>\n\t\t\t\t<section class=\"elementor-section elementor-top-section elementor-element elementor-element-6bdcdad elementor-section-boxed elementor-section-height-default elementor-section-height-default\" data-id=\"6bdcdad\" data-element_type=\"section\">\n\t\t\t\t\t\t<div class=\"elementor-container elementor-column-gap-default\">\n\t\t\t\t\t<div class=\"elementor-column elementor-col-100 elementor-top-column elementor-element elementor-element-9d94c68\" data-id=\"9d94c68\" data-element_type=\"column\">\n\t\t\t<div class=\"elementor-widget-wrap elementor-element-populated\">\n\t\t\t\t\t\t\t\t<div class=\"elementor-element elementor-element-faa0661 elementor-widget elementor-widget-gallery\" data-id=\"faa0661\" data-element_type=\"widget\" data-settings=\"{&quot;background_overlay_hover_animation&quot;:&quot;enter-from-right&quot;,&quot;lazyload&quot;:&quot;yes&quot;,&quot;gallery_layout&quot;:&quot;grid&quot;,&quot;columns&quot;:4,&quot;columns_tablet&quot;:2,&quot;columns_mobile&quot;:1,&quot;gap&quot;:{&quot;unit&quot;:&quot;px&quot;,&quot;size&quot;:10,&quot;sizes&quot;:[]},&quot;gap_tablet&quot;:{&quot;unit&quot;:&quot;px&quot;,&quot;size&quot;:10,&quot;sizes&quot;:[]},&quot;gap_mobile&quot;:{&quot;unit&quot;:&quot;px&quot;,&quot;size&quot;:10,&quot;sizes&quot;:[]},&quot;link_to&quot;:&quot;file&quot;,&quot;aspect_ratio&quot;:&quot;3:2&quot;,&quot;overlay_background&quot;:&quot;yes&quot;,&quot;content_hover_animation&quot;:&quot;fade-in&quot;}\" data-widget_type=\"gallery.default\">\n\t\t\t\t<div class=\"elementor-widget-container\">\n\t\t\t\t\t<div class=\"elementor-gallery__container\">\n\t\t\t\t\t\t\t<a class=\"e-gallery-item elementor-gallery-item elementor-animated-content\" href=\"https:\/\/aliserve.com.br\/wp-content\/uploads\/2021\/10\/architecture_2.jpg\" data-elementor-open-lightbox=\"yes\" data-elementor-lightbox-slideshow=\"all-faa0661\" data-elementor-lightbox-title=\"architecture_2.jpg\">\n\t\t\t\t\t<div class=\"e-gallery-image elementor-gallery-item__image\" data-thumbnail=\"https:\/\/aliserve.com.br\/wp-content\/uploads\/2021\/10\/architecture_2-300x206.jpg\" data-width=\"300\" data-height=\"206\" alt=\"\" ><\/div>\n\t\t\t\t\t\t\t\t\t\t<div class=\"elementor-gallery-item__overlay\"><\/div>\n\t\t\t\t\t\t\t\t\t\t\t\t\t\t<\/a>\n\t\t\t\t\t\t\t<a class=\"e-gallery-item elementor-gallery-item elementor-animated-content\" href=\"https:\/\/aliserve.com.br\/wp-content\/uploads\/2021\/10\/9l_326fiszk-luca-bravo.jpg\" data-elementor-open-lightbox=\"yes\" data-elementor-lightbox-slideshow=\"all-faa0661\" data-elementor-lightbox-title=\"9l_326fiszk-luca-bravo.jpg\">\n\t\t\t\t\t<div class=\"e-gallery-image elementor-gallery-item__image\" data-thumbnail=\"https:\/\/aliserve.com.br\/wp-content\/uploads\/2021\/10\/9l_326fiszk-luca-bravo-300x200.jpg\" data-width=\"300\" data-height=\"200\" alt=\"\" ><\/div>\n\t\t\t\t\t\t\t\t\t\t<div class=\"elementor-gallery-item__overlay\"><\/div>\n\t\t\t\t\t\t\t\t\t\t\t\t\t\t<\/a>\n\t\t\t\t\t<\/div>\n\t\t\t<\/div>\n\t\t\t\t<\/div>\n\t\t\t\t\t<\/div>\n\t\t<\/div>\n\t\t\t\t\t\t\t<\/div>\n\t\t<\/section>\n\t\t\t\t\t\t<\/div>\n\t\t\t\t\t<\/div>\n\t\t","protected":false},"excerpt":{"rendered":"<p>Recepcionista Equipe expecializada. A recepcionista \u00e9 respons\u00e1vel por atender o p\u00fablico, tanto pessoalmente quanto por telefone ou e-mail. Esse profissional faz agendamentos, d\u00e1 informa\u00e7\u00f5es e orienta a circula\u00e7\u00e3o das pessoas e visitantes. Pr\u00e9-requisitos para esta profiss\u00e3o Ter paci\u00eancia Ser discreto Ter boa comunica\u00e7\u00e3o Ter autonomia Saber lidar com as pessoas Problemas de capacidade de resolu\u00e7\u00e3o [&hellip;]<\/p>\n","protected":false},"author":1,"featured_media":0,"parent":0,"menu_order":0,"comment_status":"closed","ping_status":"closed","template":"","meta":{"_monsterinsights_skip_tracking":false,"_monsterinsights_sitenote_active":false,"_monsterinsights_sitenote_note":"","_monsterinsights_sitenote_category":0,"_joinchat":[],"footnotes":""},"class_list":["post-217","page","type-page","status-publish","hentry","entry"],"_links":{"self":[{"href":"https:\/\/aliserve.com.br\/index.php\/wp-json\/wp\/v2\/pages\/217","targetHints":{"allow":["GET"]}}],"collection":[{"href":"https:\/\/aliserve.com.br\/index.php\/wp-json\/wp\/v2\/pages"}],"about":[{"href":"https:\/\/aliserve.com.br\/index.php\/wp-json\/wp\/v2\/types\/page"}],"author":[{"embeddable":true,"href":"https:\/\/aliserve.com.br\/index.php\/wp-json\/wp\/v2\/users\/1"}],"replies":[{"embeddable":true,"href":"https:\/\/aliserve.com.br\/index.php\/wp-json\/wp\/v2\/comments?post=217"}],"version-history":[{"count":23,"href":"https:\/\/aliserve.com.br\/index.php\/wp-json\/wp\/v2\/pages\/217\/revisions"}],"predecessor-version":[{"id":2003,"href":"https:\/\/aliserve.com.br\/index.php\/wp-json\/wp\/v2\/pages\/217\/revisions\/2003"}],"wp:attachment":[{"href":"https:\/\/aliserve.com.br\/index.php\/wp-json\/wp\/v2\/media?parent=217"}],"curies":[{"name":"wp","href":"https:\/\/api.w.org\/{rel}","templated":true}]}}