{"id":215,"date":"2021-09-27T09:22:11","date_gmt":"2021-09-27T12:22:11","guid":{"rendered":"http:\/\/aliserve.com.br\/?page_id=215"},"modified":"2021-11-05T17:28:16","modified_gmt":"2021-11-05T20:28:16","slug":"servicos-de-copa-e-cafe","status":"publish","type":"page","link":"https:\/\/aliserve.com.br\/index.php\/servicos-de-copa-e-cafe\/","title":{"rendered":"SERVI\u00c7OS DE COPA E CAF\u00c9"},"content":{"rendered":"\t\t<div data-elementor-type=\"wp-page\" data-elementor-id=\"215\" class=\"elementor elementor-215\" data-elementor-settings=\"[]\">\n\t\t\t\t\t\t\t<div class=\"elementor-section-wrap\">\n\t\t\t\t\t\t\t<section class=\"elementor-section elementor-top-section elementor-element elementor-element-1a96b6a elementor-section-stretched elementor-section-boxed elementor-section-height-default elementor-section-height-default\" data-id=\"1a96b6a\" data-element_type=\"section\" data-settings=\"{&quot;background_background&quot;:&quot;classic&quot;,&quot;shape_divider_bottom&quot;:&quot;triangle-asymmetrical&quot;,&quot;shape_divider_bottom_negative&quot;:&quot;yes&quot;,&quot;stretch_section&quot;:&quot;section-stretched&quot;}\">\n\t\t\t\t\t\t\t<div class=\"elementor-background-overlay\"><\/div>\n\t\t\t\t\t\t<div class=\"elementor-shape elementor-shape-bottom\" data-negative=\"true\">\n\t\t\t<svg xmlns=\"http:\/\/www.w3.org\/2000\/svg\" viewBox=\"0 0 1000 100\" preserveAspectRatio=\"none\">\n\t<path class=\"elementor-shape-fill\" d=\"M737.9,94.7L0,0v100h1000V0L737.9,94.7z\"\/>\n<\/svg>\t\t<\/div>\n\t\t\t\t\t<div class=\"elementor-container elementor-column-gap-default\">\n\t\t\t\t\t<div class=\"elementor-column elementor-col-100 elementor-top-column elementor-element elementor-element-1f93c9fd\" data-id=\"1f93c9fd\" data-element_type=\"column\">\n\t\t\t<div class=\"elementor-widget-wrap elementor-element-populated\">\n\t\t\t\t\t\t\t\t<div class=\"elementor-element elementor-element-2128703f elementor-widget elementor-widget-heading\" data-id=\"2128703f\" data-element_type=\"widget\" data-widget_type=\"heading.default\">\n\t\t\t\t<div class=\"elementor-widget-container\">\n\t\t\t<h2 class=\"elementor-heading-title elementor-size-default\"><font style=\"vertical-align: inherit;\"><font style=\"vertical-align: inherit;\">Servi\u00e7o de copa<\/font><\/font><font style=\"vertical-align: inherit;\"><\/font><\/h2>\t\t<\/div>\n\t\t\t\t<\/div>\n\t\t\t\t<div class=\"elementor-element elementor-element-639cbd6e elementor-widget elementor-widget-text-editor\" data-id=\"639cbd6e\" data-element_type=\"widget\" data-widget_type=\"text-editor.default\">\n\t\t\t\t<div class=\"elementor-widget-container\">\n\t\t\t\t\t\t\t\t<p><span style=\"vertical-align: inherit;\"><span style=\"vertical-align: inherit;\">Profissionais expecializados.<\/span><\/span><\/p>\t\t\t\t\t\t<\/div>\n\t\t\t\t<\/div>\n\t\t\t\t\t<\/div>\n\t\t<\/div>\n\t\t\t\t\t\t\t<\/div>\n\t\t<\/section>\n\t\t\t\t<section class=\"elementor-section elementor-top-section elementor-element elementor-element-b6b0215 elementor-section-boxed elementor-section-height-default elementor-section-height-default\" data-id=\"b6b0215\" data-element_type=\"section\">\n\t\t\t\t\t\t<div class=\"elementor-container elementor-column-gap-default\">\n\t\t\t\t\t<div class=\"elementor-column elementor-col-50 elementor-top-column elementor-element elementor-element-fe81918\" data-id=\"fe81918\" data-element_type=\"column\">\n\t\t\t<div class=\"elementor-widget-wrap elementor-element-populated\">\n\t\t\t\t\t\t\t\t<div class=\"elementor-element elementor-element-20ea25f elementor-widget elementor-widget-text-editor\" data-id=\"20ea25f\" data-element_type=\"widget\" data-widget_type=\"text-editor.default\">\n\t\t\t\t<div class=\"elementor-widget-container\">\n\t\t\t\t\t\t\t\t<p>Respons\u00e1vel pelo servi\u00e7o de copa, a Copeira prepara caf\u00e9s, sucos e lanches em geral, al\u00e9m de organizar e preparar a mesa a ser servida. Este profissional tamb\u00e9m cuida da limpeza dos utens\u00edlios usados para servir e garante o bom funcionamento da cozinha.<\/p><p>A copeira tamb\u00e9m pode efetuar o atendimento direto com o cliente.<\/p>\t\t\t\t\t\t<\/div>\n\t\t\t\t<\/div>\n\t\t\t\t\t<\/div>\n\t\t<\/div>\n\t\t\t\t<div class=\"elementor-column elementor-col-50 elementor-top-column elementor-element elementor-element-c7d46f1\" data-id=\"c7d46f1\" data-element_type=\"column\">\n\t\t\t<div class=\"elementor-widget-wrap elementor-element-populated\">\n\t\t\t\t\t\t\t\t<div class=\"elementor-element elementor-element-87f4484 elementor-widget elementor-widget-text-editor\" data-id=\"87f4484\" data-element_type=\"widget\" data-widget_type=\"text-editor.default\">\n\t\t\t\t<div class=\"elementor-widget-container\">\n\t\t\t\t\t\t\t\t<p><strong><em><img loading=\"lazy\" decoding=\"async\" class=\"wp-image-1013 alignleft\" src=\"http:\/\/aliserve.com.br\/wp-content\/uploads\/2021\/10\/BeneficiosEmContratar2-300x282.png\" sizes=\"auto, (max-width: 40px) 100vw, 40px\" srcset=\"http:\/\/aliserve.com.br\/wp-content\/uploads\/2021\/10\/BeneficiosEmContratar2-300x282.png 300w, http:\/\/aliserve.com.br\/wp-content\/uploads\/2021\/10\/BeneficiosEmContratar2.png 749w\" alt=\"\" width=\"40\" height=\"38\" \/>BENEF\u00cdCIOS EM NOS CONTRATAR:<\/em><\/strong><\/p><ul><li>DESENVOLVEMOS UMA ESCALA INTELIGENTE E ECON\u00d4MICA;<\/li><li>DESENVOLVEMOS O PROCEDIMENTO DE LIMPEZA DETALHADO DO DIA-A-DIA, PARA OTIMIZAR O TEMPO DO COLABORADOR E AUTOMATICAMENTE DIMINUINDO O CUSTO DO NOSSO CLIENTE;<\/li><li>OFERECEMOS COLABORADORES COM O PERFIL EXIGIDO;<\/li><li>OFERECEMOS REUNI\u00d5ES DE FEEDBACK PARA MELHORIAS E SUPERVIS\u00c3O AOS COLABORADORES;<\/li><li>FAZEMOS A TROCA DE IMEDIATO CASO O COLABORADOR N\u00c3O ATENDA OS REQUISITOS;<\/li><li>PLANTONISTA E FOLGUISTA PARA SUPRIR CASO ALGUM COLABORADOR VENHA A FALTAR;<\/li><li>BONIFICA\u00c7\u00c3O PARA QUE O COLABORADOR N\u00c3O FALTE;<\/li><li>PAGAMENTO CORRETO DOS ENCARGOS E TRIBUTOS TRABALHISTAS;<\/li><li>FUN\u00c7\u00c3O DE CADA COLABORADOR DE ACORDO E ESPECIFICADO EM CONTRATO E EM CARTEIRA DE TRABALHO;<\/li><li>TRABALHO PARA EVITAR A\u00c7\u00d5ES TRABALHISTAS;<\/li><li>SEGURO CONTRA ACIDENTES DE TRABALHO OU RECLAMA\u00c7\u00d5ES TRABALHISTAS;<\/li><li>PROVEMOS OS IP\u2019S.<\/li><\/ul>\t\t\t\t\t\t<\/div>\n\t\t\t\t<\/div>\n\t\t\t\t\t<\/div>\n\t\t<\/div>\n\t\t\t\t\t\t\t<\/div>\n\t\t<\/section>\n\t\t\t\t<section class=\"elementor-section elementor-top-section elementor-element elementor-element-1b6e331 elementor-section-boxed elementor-section-height-default elementor-section-height-default\" data-id=\"1b6e331\" data-element_type=\"section\">\n\t\t\t\t\t\t<div class=\"elementor-container elementor-column-gap-default\">\n\t\t\t\t\t<div class=\"elementor-column elementor-col-50 elementor-top-column elementor-element elementor-element-2de51ac\" data-id=\"2de51ac\" data-element_type=\"column\">\n\t\t\t<div class=\"elementor-widget-wrap elementor-element-populated\">\n\t\t\t\t\t\t\t\t<div class=\"elementor-element elementor-element-5ec5fe5 elementor-widget elementor-widget-text-editor\" data-id=\"5ec5fe5\" data-element_type=\"widget\" data-widget_type=\"text-editor.default\">\n\t\t\t\t<div class=\"elementor-widget-container\">\n\t\t\t\t\t\t\t\t\t\t\t\t\t\t<\/div>\n\t\t\t\t<\/div>\n\t\t\t\t\t<\/div>\n\t\t<\/div>\n\t\t\t\t<div class=\"elementor-column elementor-col-50 elementor-top-column elementor-element elementor-element-4a8e2cf\" data-id=\"4a8e2cf\" data-element_type=\"column\">\n\t\t\t<div class=\"elementor-widget-wrap elementor-element-populated\">\n\t\t\t\t\t\t\t\t<div class=\"elementor-element elementor-element-01f25f4 elementor-widget elementor-widget-button\" data-id=\"01f25f4\" data-element_type=\"widget\" data-widget_type=\"button.default\">\n\t\t\t\t<div class=\"elementor-widget-container\">\n\t\t\t\t\t<div class=\"elementor-button-wrapper\">\n\t\t\t<a href=\"#\" class=\"elementor-button-link elementor-button elementor-size-sm\" role=\"button\">\n\t\t\t\t\t\t<span class=\"elementor-button-content-wrapper\">\n\t\t\t\t\t\t<span class=\"elementor-button-text\">QUERO UM OR\u00c7AMENTO<\/span>\n\t\t<\/span>\n\t\t\t\t\t<\/a>\n\t\t<\/div>\n\t\t\t\t<\/div>\n\t\t\t\t<\/div>\n\t\t\t\t\t<\/div>\n\t\t<\/div>\n\t\t\t\t\t\t\t<\/div>\n\t\t<\/section>\n\t\t\t\t<section class=\"elementor-section elementor-top-section elementor-element elementor-element-adb6935 elementor-section-boxed elementor-section-height-default elementor-section-height-default\" data-id=\"adb6935\" data-element_type=\"section\">\n\t\t\t\t\t\t<div class=\"elementor-container elementor-column-gap-default\">\n\t\t\t\t\t<div class=\"elementor-column elementor-col-100 elementor-top-column elementor-element elementor-element-53eaf2b\" data-id=\"53eaf2b\" data-element_type=\"column\">\n\t\t\t<div class=\"elementor-widget-wrap elementor-element-populated\">\n\t\t\t\t\t\t\t\t<div class=\"elementor-element elementor-element-fb51324 elementor-widget elementor-widget-spacer\" data-id=\"fb51324\" data-element_type=\"widget\" data-widget_type=\"spacer.default\">\n\t\t\t\t<div class=\"elementor-widget-container\">\n\t\t\t\t\t<div class=\"elementor-spacer\">\n\t\t\t<div class=\"elementor-spacer-inner\"><\/div>\n\t\t<\/div>\n\t\t\t\t<\/div>\n\t\t\t\t<\/div>\n\t\t\t\t\t<\/div>\n\t\t<\/div>\n\t\t\t\t\t\t\t<\/div>\n\t\t<\/section>\n\t\t\t\t<section class=\"elementor-section elementor-top-section elementor-element elementor-element-91b7b04 elementor-section-boxed elementor-section-height-default elementor-section-height-default\" data-id=\"91b7b04\" data-element_type=\"section\">\n\t\t\t\t\t\t<div class=\"elementor-container elementor-column-gap-default\">\n\t\t\t\t\t<div class=\"elementor-column elementor-col-100 elementor-top-column elementor-element elementor-element-ce6bd2e\" data-id=\"ce6bd2e\" data-element_type=\"column\">\n\t\t\t<div class=\"elementor-widget-wrap elementor-element-populated\">\n\t\t\t\t\t\t\t\t<div class=\"elementor-element elementor-element-72d9445 elementor-widget elementor-widget-gallery\" data-id=\"72d9445\" data-element_type=\"widget\" data-settings=\"{&quot;background_overlay_hover_animation&quot;:&quot;enter-from-right&quot;,&quot;lazyload&quot;:&quot;yes&quot;,&quot;gallery_layout&quot;:&quot;grid&quot;,&quot;columns&quot;:4,&quot;columns_tablet&quot;:2,&quot;columns_mobile&quot;:1,&quot;gap&quot;:{&quot;unit&quot;:&quot;px&quot;,&quot;size&quot;:10,&quot;sizes&quot;:[]},&quot;gap_tablet&quot;:{&quot;unit&quot;:&quot;px&quot;,&quot;size&quot;:10,&quot;sizes&quot;:[]},&quot;gap_mobile&quot;:{&quot;unit&quot;:&quot;px&quot;,&quot;size&quot;:10,&quot;sizes&quot;:[]},&quot;link_to&quot;:&quot;file&quot;,&quot;aspect_ratio&quot;:&quot;3:2&quot;,&quot;overlay_background&quot;:&quot;yes&quot;,&quot;content_hover_animation&quot;:&quot;fade-in&quot;}\" data-widget_type=\"gallery.default\">\n\t\t\t\t<div class=\"elementor-widget-container\">\n\t\t\t\t\t<div class=\"elementor-gallery__container\">\n\t\t\t\t\t\t\t<a class=\"e-gallery-item elementor-gallery-item elementor-animated-content\" href=\"https:\/\/aliserve.com.br\/wp-content\/uploads\/2021\/10\/architecture_2.jpg\" data-elementor-open-lightbox=\"yes\" data-elementor-lightbox-slideshow=\"all-72d9445\" data-elementor-lightbox-title=\"architecture_2.jpg\">\n\t\t\t\t\t<div class=\"e-gallery-image elementor-gallery-item__image\" data-thumbnail=\"https:\/\/aliserve.com.br\/wp-content\/uploads\/2021\/10\/architecture_2-300x206.jpg\" data-width=\"300\" data-height=\"206\" alt=\"\" ><\/div>\n\t\t\t\t\t\t\t\t\t\t<div class=\"elementor-gallery-item__overlay\"><\/div>\n\t\t\t\t\t\t\t\t\t\t\t\t\t\t<\/a>\n\t\t\t\t\t<\/div>\n\t\t\t<\/div>\n\t\t\t\t<\/div>\n\t\t\t\t\t<\/div>\n\t\t<\/div>\n\t\t\t\t\t\t\t<\/div>\n\t\t<\/section>\n\t\t\t\t\t\t<\/div>\n\t\t\t\t\t<\/div>\n\t\t","protected":false},"excerpt":{"rendered":"<p>Servi\u00e7o de copa Profissionais expecializados. Respons\u00e1vel pelo servi\u00e7o de copa, a Copeira prepara caf\u00e9s, sucos e lanches em geral, al\u00e9m de organizar e preparar a mesa a ser servida. Este profissional tamb\u00e9m cuida da limpeza dos utens\u00edlios usados para servir e garante o bom funcionamento da cozinha. A copeira tamb\u00e9m pode efetuar o atendimento direto [&hellip;]<\/p>\n","protected":false},"author":1,"featured_media":0,"parent":0,"menu_order":0,"comment_status":"closed","ping_status":"closed","template":"","meta":{"_monsterinsights_skip_tracking":false,"_monsterinsights_sitenote_active":false,"_monsterinsights_sitenote_note":"","_monsterinsights_sitenote_category":0,"_joinchat":[],"footnotes":""},"class_list":["post-215","page","type-page","status-publish","hentry","entry"],"_links":{"self":[{"href":"https:\/\/aliserve.com.br\/index.php\/wp-json\/wp\/v2\/pages\/215","targetHints":{"allow":["GET"]}}],"collection":[{"href":"https:\/\/aliserve.com.br\/index.php\/wp-json\/wp\/v2\/pages"}],"about":[{"href":"https:\/\/aliserve.com.br\/index.php\/wp-json\/wp\/v2\/types\/page"}],"author":[{"embeddable":true,"href":"https:\/\/aliserve.com.br\/index.php\/wp-json\/wp\/v2\/users\/1"}],"replies":[{"embeddable":true,"href":"https:\/\/aliserve.com.br\/index.php\/wp-json\/wp\/v2\/comments?post=215"}],"version-history":[{"count":32,"href":"https:\/\/aliserve.com.br\/index.php\/wp-json\/wp\/v2\/pages\/215\/revisions"}],"predecessor-version":[{"id":2000,"href":"https:\/\/aliserve.com.br\/index.php\/wp-json\/wp\/v2\/pages\/215\/revisions\/2000"}],"wp:attachment":[{"href":"https:\/\/aliserve.com.br\/index.php\/wp-json\/wp\/v2\/media?parent=215"}],"curies":[{"name":"wp","href":"https:\/\/api.w.org\/{rel}","templated":true}]}}