{"id":2108,"date":"2023-01-31T09:09:34","date_gmt":"2023-01-31T12:09:34","guid":{"rendered":"http:\/\/aliserve.com.br\/?page_id=2108"},"modified":"2023-01-31T09:38:30","modified_gmt":"2023-01-31T12:38:30","slug":"blog","status":"publish","type":"page","link":"https:\/\/aliserve.com.br\/index.php\/blog\/","title":{"rendered":"Blog"},"content":{"rendered":"\t\t<div data-elementor-type=\"wp-page\" data-elementor-id=\"2108\" class=\"elementor elementor-2108\" data-elementor-settings=\"[]\">\n\t\t\t\t\t\t\t<div class=\"elementor-section-wrap\">\n\t\t\t\t\t\t\t<section class=\"elementor-section elementor-top-section elementor-element elementor-element-41513dd elementor-section-full_width elementor-section-content-top elementor-section-stretched elementor-section-height-default elementor-section-height-default\" data-id=\"41513dd\" data-element_type=\"section\" data-settings=\"{&quot;stretch_section&quot;:&quot;section-stretched&quot;}\">\n\t\t\t\t\t\t<div class=\"elementor-container elementor-column-gap-default\">\n\t\t\t\t\t<div class=\"elementor-column elementor-col-100 elementor-top-column elementor-element elementor-element-2ea65eb\" data-id=\"2ea65eb\" data-element_type=\"column\">\n\t\t\t<div class=\"elementor-widget-wrap elementor-element-populated\">\n\t\t\t\t\t\t\t\t<div class=\"elementor-element elementor-element-a5a2776 elementor-grid-3 elementor-grid-tablet-2 elementor-grid-mobile-1 elementor-posts--thumbnail-top elementor-card-shadow-yes elementor-posts__hover-gradient elementor-widget elementor-widget-posts\" data-id=\"a5a2776\" data-element_type=\"widget\" data-settings=\"{&quot;cards_columns&quot;:&quot;3&quot;,&quot;cards_columns_tablet&quot;:&quot;2&quot;,&quot;cards_columns_mobile&quot;:&quot;1&quot;,&quot;cards_row_gap&quot;:{&quot;unit&quot;:&quot;px&quot;,&quot;size&quot;:35,&quot;sizes&quot;:[]}}\" data-widget_type=\"posts.cards\">\n\t\t\t\t<div class=\"elementor-widget-container\">\n\t\t\t\t\t<div class=\"elementor-posts-container elementor-posts elementor-posts--skin-cards elementor-grid\">\n\t\t\t\t<article class=\"elementor-post elementor-grid-item post-2945 post type-post status-publish format-standard has-post-thumbnail hentry category-sem-categoria entry has-media\">\n\t\t\t<div class=\"elementor-post__card\">\n\t\t\t\t<a class=\"elementor-post__thumbnail__link\" href=\"https:\/\/aliserve.com.br\/index.php\/2026\/03\/24\/seguranca-no-trabalho-para-zeladores-de-condominio-predial\/\" target=\"_blank\">\n\t\t\t<div class=\"elementor-post__thumbnail\"><img loading=\"lazy\" decoding=\"async\" width=\"300\" height=\"169\" src=\"https:\/\/aliserve.com.br\/wp-content\/uploads\/2026\/03\/Design-sem-nome-64-300x169.png\" class=\"attachment-medium size-medium\" alt=\"\" srcset=\"https:\/\/aliserve.com.br\/wp-content\/uploads\/2026\/03\/Design-sem-nome-64-300x169.png 300w, https:\/\/aliserve.com.br\/wp-content\/uploads\/2026\/03\/Design-sem-nome-64-1024x576.png 1024w, https:\/\/aliserve.com.br\/wp-content\/uploads\/2026\/03\/Design-sem-nome-64-768x432.png 768w, https:\/\/aliserve.com.br\/wp-content\/uploads\/2026\/03\/Design-sem-nome-64-1536x864.png 1536w, https:\/\/aliserve.com.br\/wp-content\/uploads\/2026\/03\/Design-sem-nome-64-2048x1152.png 2048w, https:\/\/aliserve.com.br\/wp-content\/uploads\/2026\/03\/Design-sem-nome-64-800x450.png 800w\" sizes=\"auto, (max-width: 300px) 100vw, 300px\" \/><\/div>\n\t\t<\/a>\n\t\t\t\t<div class=\"elementor-post__text\">\n\t\t\t\t<h3 class=\"elementor-post__title\">\n\t\t\t<a href=\"https:\/\/aliserve.com.br\/index.php\/2026\/03\/24\/seguranca-no-trabalho-para-zeladores-de-condominio-predial\/\" target=\"_blank\">\n\t\t\t\tSeguran\u00e7a no Trabalho para Zeladores de Condom\u00ednio Predial\t\t\t<\/a>\n\t\t<\/h3>\n\t\t\t\t\t<a class=\"elementor-post__read-more\" href=\"https:\/\/aliserve.com.br\/index.php\/2026\/03\/24\/seguranca-no-trabalho-para-zeladores-de-condominio-predial\/\" target=\"_blank\">\n\t\t\t\tClique para ler \u00bb\t\t\t<\/a>\n\t\t\t\t<\/div>\n\t\t\t\t\t<\/div>\n\t\t<\/article>\n\t\t\t\t<article class=\"elementor-post elementor-grid-item post-2940 post type-post status-publish format-standard has-post-thumbnail hentry category-sem-categoria entry has-media\">\n\t\t\t<div class=\"elementor-post__card\">\n\t\t\t\t<a class=\"elementor-post__thumbnail__link\" href=\"https:\/\/aliserve.com.br\/index.php\/2026\/02\/10\/servicos-terceirizados-de-pos-obra-eficiencia-economia-e-qualidade-na-finalizacao-do-projeto\/\" target=\"_blank\">\n\t\t\t<div class=\"elementor-post__thumbnail\"><img loading=\"lazy\" decoding=\"async\" width=\"300\" height=\"159\" src=\"https:\/\/aliserve.com.br\/wp-content\/uploads\/2026\/02\/Limpeza-detalhada-Pos-obra-1-1-300x159.jpg\" class=\"attachment-medium size-medium\" alt=\"\" srcset=\"https:\/\/aliserve.com.br\/wp-content\/uploads\/2026\/02\/Limpeza-detalhada-Pos-obra-1-1-300x159.jpg 300w, https:\/\/aliserve.com.br\/wp-content\/uploads\/2026\/02\/Limpeza-detalhada-Pos-obra-1-1-768x407.jpg 768w, https:\/\/aliserve.com.br\/wp-content\/uploads\/2026\/02\/Limpeza-detalhada-Pos-obra-1-1.jpg 850w\" sizes=\"auto, (max-width: 300px) 100vw, 300px\" \/><\/div>\n\t\t<\/a>\n\t\t\t\t<div class=\"elementor-post__text\">\n\t\t\t\t<h3 class=\"elementor-post__title\">\n\t\t\t<a href=\"https:\/\/aliserve.com.br\/index.php\/2026\/02\/10\/servicos-terceirizados-de-pos-obra-eficiencia-economia-e-qualidade-na-finalizacao-do-projeto\/\" target=\"_blank\">\n\t\t\t\tServi\u00e7os Terceirizados de P\u00f3s-Obra: efici\u00eancia, economia e qualidade na finaliza\u00e7\u00e3o do projeto.\t\t\t<\/a>\n\t\t<\/h3>\n\t\t\t\t\t<a class=\"elementor-post__read-more\" href=\"https:\/\/aliserve.com.br\/index.php\/2026\/02\/10\/servicos-terceirizados-de-pos-obra-eficiencia-economia-e-qualidade-na-finalizacao-do-projeto\/\" target=\"_blank\">\n\t\t\t\tClique para ler \u00bb\t\t\t<\/a>\n\t\t\t\t<\/div>\n\t\t\t\t\t<\/div>\n\t\t<\/article>\n\t\t\t\t<article class=\"elementor-post elementor-grid-item post-2929 post type-post status-publish format-standard has-post-thumbnail hentry category-sem-categoria entry has-media\">\n\t\t\t<div class=\"elementor-post__card\">\n\t\t\t\t<a class=\"elementor-post__thumbnail__link\" href=\"https:\/\/aliserve.com.br\/index.php\/2026\/01\/06\/limpeza-de-obras-importancia-etapas-e-beneficios\/\" target=\"_blank\">\n\t\t\t<div class=\"elementor-post__thumbnail\"><img loading=\"lazy\" decoding=\"async\" width=\"300\" height=\"253\" src=\"https:\/\/aliserve.com.br\/wp-content\/uploads\/2026\/01\/Gemini_Generated_Image_hrumcyhrumcyhrum-300x253.png\" class=\"attachment-medium size-medium\" alt=\"\" srcset=\"https:\/\/aliserve.com.br\/wp-content\/uploads\/2026\/01\/Gemini_Generated_Image_hrumcyhrumcyhrum-300x253.png 300w, https:\/\/aliserve.com.br\/wp-content\/uploads\/2026\/01\/Gemini_Generated_Image_hrumcyhrumcyhrum-1024x863.png 1024w, https:\/\/aliserve.com.br\/wp-content\/uploads\/2026\/01\/Gemini_Generated_Image_hrumcyhrumcyhrum-768x647.png 768w, https:\/\/aliserve.com.br\/wp-content\/uploads\/2026\/01\/Gemini_Generated_Image_hrumcyhrumcyhrum-1536x1295.png 1536w, https:\/\/aliserve.com.br\/wp-content\/uploads\/2026\/01\/Gemini_Generated_Image_hrumcyhrumcyhrum-2048x1726.png 2048w\" sizes=\"auto, (max-width: 300px) 100vw, 300px\" \/><\/div>\n\t\t<\/a>\n\t\t\t\t<div class=\"elementor-post__text\">\n\t\t\t\t<h3 class=\"elementor-post__title\">\n\t\t\t<a href=\"https:\/\/aliserve.com.br\/index.php\/2026\/01\/06\/limpeza-de-obras-importancia-etapas-e-beneficios\/\" target=\"_blank\">\n\t\t\t\tLimpeza de Obras: import\u00e2ncia, etapas e benef\u00edcios.\t\t\t<\/a>\n\t\t<\/h3>\n\t\t\t\t\t<a class=\"elementor-post__read-more\" href=\"https:\/\/aliserve.com.br\/index.php\/2026\/01\/06\/limpeza-de-obras-importancia-etapas-e-beneficios\/\" target=\"_blank\">\n\t\t\t\tClique para ler \u00bb\t\t\t<\/a>\n\t\t\t\t<\/div>\n\t\t\t\t\t<\/div>\n\t\t<\/article>\n\t\t\t\t<article class=\"elementor-post elementor-grid-item post-2862 post type-post status-publish format-standard has-post-thumbnail hentry category-sem-categoria entry has-media\">\n\t\t\t<div class=\"elementor-post__card\">\n\t\t\t\t<a class=\"elementor-post__thumbnail__link\" href=\"https:\/\/aliserve.com.br\/index.php\/2025\/08\/19\/dicas-de-seguranca-para-seu-condominio\/\" target=\"_blank\">\n\t\t\t<div class=\"elementor-post__thumbnail\"><img loading=\"lazy\" decoding=\"async\" width=\"300\" height=\"146\" src=\"https:\/\/aliserve.com.br\/wp-content\/uploads\/2025\/08\/ART-FACESEGURANCA2699x340-699x340-1-300x146.jpg\" class=\"attachment-medium size-medium\" alt=\"\" srcset=\"https:\/\/aliserve.com.br\/wp-content\/uploads\/2025\/08\/ART-FACESEGURANCA2699x340-699x340-1-300x146.jpg 300w, https:\/\/aliserve.com.br\/wp-content\/uploads\/2025\/08\/ART-FACESEGURANCA2699x340-699x340-1.jpg 699w\" sizes=\"auto, (max-width: 300px) 100vw, 300px\" \/><\/div>\n\t\t<\/a>\n\t\t\t\t<div class=\"elementor-post__text\">\n\t\t\t\t<h3 class=\"elementor-post__title\">\n\t\t\t<a href=\"https:\/\/aliserve.com.br\/index.php\/2025\/08\/19\/dicas-de-seguranca-para-seu-condominio\/\" target=\"_blank\">\n\t\t\t\tDicas de seguran\u00e7a para seu condom\u00ednio\t\t\t<\/a>\n\t\t<\/h3>\n\t\t\t\t\t<a class=\"elementor-post__read-more\" href=\"https:\/\/aliserve.com.br\/index.php\/2025\/08\/19\/dicas-de-seguranca-para-seu-condominio\/\" target=\"_blank\">\n\t\t\t\tClique para ler \u00bb\t\t\t<\/a>\n\t\t\t\t<\/div>\n\t\t\t\t\t<\/div>\n\t\t<\/article>\n\t\t\t\t<article class=\"elementor-post elementor-grid-item post-2538 post type-post status-publish format-standard has-post-thumbnail hentry category-sem-categoria entry has-media\">\n\t\t\t<div class=\"elementor-post__card\">\n\t\t\t\t<a class=\"elementor-post__thumbnail__link\" href=\"https:\/\/aliserve.com.br\/index.php\/2025\/07\/18\/como-contratar-uma-empresa-terceirizada-para-servicos-em-condominios-7-dicas-essenciais\/\" target=\"_blank\">\n\t\t\t<div class=\"elementor-post__thumbnail\"><img loading=\"lazy\" decoding=\"async\" width=\"300\" height=\"200\" src=\"https:\/\/aliserve.com.br\/wp-content\/uploads\/2025\/07\/banner-empresa-2-300x200.jpg\" class=\"attachment-medium size-medium\" alt=\"\" srcset=\"https:\/\/aliserve.com.br\/wp-content\/uploads\/2025\/07\/banner-empresa-2-300x200.jpg 300w, https:\/\/aliserve.com.br\/wp-content\/uploads\/2025\/07\/banner-empresa-2-768x511.jpg 768w, https:\/\/aliserve.com.br\/wp-content\/uploads\/2025\/07\/banner-empresa-2.jpg 1024w\" sizes=\"auto, (max-width: 300px) 100vw, 300px\" \/><\/div>\n\t\t<\/a>\n\t\t\t\t<div class=\"elementor-post__text\">\n\t\t\t\t<h3 class=\"elementor-post__title\">\n\t\t\t<a href=\"https:\/\/aliserve.com.br\/index.php\/2025\/07\/18\/como-contratar-uma-empresa-terceirizada-para-servicos-em-condominios-7-dicas-essenciais\/\" target=\"_blank\">\n\t\t\t\tComo Contratar uma Empresa Terceirizada para Servi\u00e7os em Condom\u00ednios: 7 Dicas Essenciais\t\t\t<\/a>\n\t\t<\/h3>\n\t\t\t\t\t<a class=\"elementor-post__read-more\" href=\"https:\/\/aliserve.com.br\/index.php\/2025\/07\/18\/como-contratar-uma-empresa-terceirizada-para-servicos-em-condominios-7-dicas-essenciais\/\" target=\"_blank\">\n\t\t\t\tClique para ler \u00bb\t\t\t<\/a>\n\t\t\t\t<\/div>\n\t\t\t\t\t<\/div>\n\t\t<\/article>\n\t\t\t\t<article class=\"elementor-post elementor-grid-item post-2534 post type-post status-publish format-standard has-post-thumbnail hentry category-sem-categoria entry has-media\">\n\t\t\t<div class=\"elementor-post__card\">\n\t\t\t\t<a class=\"elementor-post__thumbnail__link\" href=\"https:\/\/aliserve.com.br\/index.php\/2025\/06\/20\/a-importancia-do-porteiro-nas-entregas-seguranca-agilidade-e-organizacao\/\" target=\"_blank\">\n\t\t\t<div class=\"elementor-post__thumbnail\"><img loading=\"lazy\" decoding=\"async\" width=\"300\" height=\"279\" src=\"https:\/\/aliserve.com.br\/wp-content\/uploads\/2025\/06\/Captura-de-Tela-2023-06-26-as-15.02.16-300x279.png\" class=\"attachment-medium size-medium\" alt=\"\" srcset=\"https:\/\/aliserve.com.br\/wp-content\/uploads\/2025\/06\/Captura-de-Tela-2023-06-26-as-15.02.16-300x279.png 300w, https:\/\/aliserve.com.br\/wp-content\/uploads\/2025\/06\/Captura-de-Tela-2023-06-26-as-15.02.16.png 696w\" sizes=\"auto, (max-width: 300px) 100vw, 300px\" \/><\/div>\n\t\t<\/a>\n\t\t\t\t<div class=\"elementor-post__text\">\n\t\t\t\t<h3 class=\"elementor-post__title\">\n\t\t\t<a href=\"https:\/\/aliserve.com.br\/index.php\/2025\/06\/20\/a-importancia-do-porteiro-nas-entregas-seguranca-agilidade-e-organizacao\/\" target=\"_blank\">\n\t\t\t\tA Import\u00e2ncia do Porteiro nas Entregas: Seguran\u00e7a, Agilidade e Organiza\u00e7\u00e3o.\t\t\t<\/a>\n\t\t<\/h3>\n\t\t\t\t\t<a class=\"elementor-post__read-more\" href=\"https:\/\/aliserve.com.br\/index.php\/2025\/06\/20\/a-importancia-do-porteiro-nas-entregas-seguranca-agilidade-e-organizacao\/\" target=\"_blank\">\n\t\t\t\tClique para ler \u00bb\t\t\t<\/a>\n\t\t\t\t<\/div>\n\t\t\t\t\t<\/div>\n\t\t<\/article>\n\t\t\t\t<\/div>\n\t\t\t\t<nav class=\"elementor-pagination\" role=\"navigation\" aria-label=\"Pagination\">\n\t\t\t<span aria-current=\"page\" class=\"page-numbers current\"><span class=\"elementor-screen-only\">Page<\/span>1<\/span>\n<a class=\"page-numbers\" href=\"https:\/\/aliserve.com.br\/index.php\/wp-json\/wp\/v2\/pages\/2108\/page\/2\/\"><span class=\"elementor-screen-only\">Page<\/span>2<\/a>\n<a class=\"page-numbers\" href=\"https:\/\/aliserve.com.br\/index.php\/wp-json\/wp\/v2\/pages\/2108\/page\/3\/\"><span class=\"elementor-screen-only\">Page<\/span>3<\/a>\n<a class=\"page-numbers\" href=\"https:\/\/aliserve.com.br\/index.php\/wp-json\/wp\/v2\/pages\/2108\/page\/4\/\"><span class=\"elementor-screen-only\">Page<\/span>4<\/a>\n<a class=\"page-numbers\" href=\"https:\/\/aliserve.com.br\/index.php\/wp-json\/wp\/v2\/pages\/2108\/page\/5\/\"><span class=\"elementor-screen-only\">Page<\/span>5<\/a>\t\t<\/nav>\n\t\t\t\t<\/div>\n\t\t\t\t<\/div>\n\t\t\t\t\t<\/div>\n\t\t<\/div>\n\t\t\t\t\t\t\t<\/div>\n\t\t<\/section>\n\t\t\t\t\t\t<\/div>\n\t\t\t\t\t<\/div>\n\t\t","protected":false},"excerpt":{"rendered":"","protected":false},"author":1,"featured_media":0,"parent":0,"menu_order":0,"comment_status":"closed","ping_status":"closed","template":"","meta":{"_monsterinsights_skip_tracking":false,"_monsterinsights_sitenote_active":false,"_monsterinsights_sitenote_note":"","_monsterinsights_sitenote_category":0,"_joinchat":[],"footnotes":""},"class_list":["post-2108","page","type-page","status-publish","hentry","entry","has-media"],"_links":{"self":[{"href":"https:\/\/aliserve.com.br\/index.php\/wp-json\/wp\/v2\/pages\/2108","targetHints":{"allow":["GET"]}}],"collection":[{"href":"https:\/\/aliserve.com.br\/index.php\/wp-json\/wp\/v2\/pages"}],"about":[{"href":"https:\/\/aliserve.com.br\/index.php\/wp-json\/wp\/v2\/types\/page"}],"author":[{"embeddable":true,"href":"https:\/\/aliserve.com.br\/index.php\/wp-json\/wp\/v2\/users\/1"}],"replies":[{"embeddable":true,"href":"https:\/\/aliserve.com.br\/index.php\/wp-json\/wp\/v2\/comments?post=2108"}],"version-history":[{"count":13,"href":"https:\/\/aliserve.com.br\/index.php\/wp-json\/wp\/v2\/pages\/2108\/revisions"}],"predecessor-version":[{"id":2138,"href":"https:\/\/aliserve.com.br\/index.php\/wp-json\/wp\/v2\/pages\/2108\/revisions\/2138"}],"wp:attachment":[{"href":"https:\/\/aliserve.com.br\/index.php\/wp-json\/wp\/v2\/media?parent=2108"}],"curies":[{"name":"wp","href":"https:\/\/api.w.org\/{rel}","templated":true}]}}