{"id":209,"date":"2021-09-27T09:20:24","date_gmt":"2021-09-27T12:20:24","guid":{"rendered":"http:\/\/aliserve.com.br\/?page_id=209"},"modified":"2021-10-15T15:43:48","modified_gmt":"2021-10-15T18:43:48","slug":"limpeza","status":"publish","type":"page","link":"https:\/\/aliserve.com.br\/index.php\/limpeza\/","title":{"rendered":"LIMPEZA E CONSERVA\u00c7\u00c3O"},"content":{"rendered":"\t\t<div data-elementor-type=\"wp-page\" data-elementor-id=\"209\" class=\"elementor elementor-209\" data-elementor-settings=\"[]\">\n\t\t\t\t\t\t\t<div class=\"elementor-section-wrap\">\n\t\t\t\t\t\t\t<section class=\"elementor-section elementor-top-section elementor-element elementor-element-3d9b0006 elementor-section-stretched elementor-section-boxed elementor-section-height-default elementor-section-height-default\" data-id=\"3d9b0006\" data-element_type=\"section\" data-settings=\"{&quot;background_background&quot;:&quot;classic&quot;,&quot;shape_divider_bottom&quot;:&quot;triangle-asymmetrical&quot;,&quot;shape_divider_bottom_negative&quot;:&quot;yes&quot;,&quot;stretch_section&quot;:&quot;section-stretched&quot;}\">\n\t\t\t\t\t\t\t<div class=\"elementor-background-overlay\"><\/div>\n\t\t\t\t\t\t<div class=\"elementor-shape elementor-shape-bottom\" data-negative=\"true\">\n\t\t\t<svg xmlns=\"http:\/\/www.w3.org\/2000\/svg\" viewBox=\"0 0 1000 100\" preserveAspectRatio=\"none\">\n\t<path class=\"elementor-shape-fill\" d=\"M737.9,94.7L0,0v100h1000V0L737.9,94.7z\"\/>\n<\/svg>\t\t<\/div>\n\t\t\t\t\t<div class=\"elementor-container elementor-column-gap-default\">\n\t\t\t\t\t<div class=\"elementor-column elementor-col-100 elementor-top-column elementor-element elementor-element-68a5ac47\" data-id=\"68a5ac47\" data-element_type=\"column\">\n\t\t\t<div class=\"elementor-widget-wrap elementor-element-populated\">\n\t\t\t\t\t\t\t\t<div class=\"elementor-element elementor-element-5f76b959 elementor-widget elementor-widget-heading\" data-id=\"5f76b959\" data-element_type=\"widget\" data-widget_type=\"heading.default\">\n\t\t\t\t<div class=\"elementor-widget-container\">\n\t\t\t<h2 class=\"elementor-heading-title elementor-size-default\">Limpeza e Conserva\u00e7\u00e3o<\/h2>\t\t<\/div>\n\t\t\t\t<\/div>\n\t\t\t\t<div class=\"elementor-element elementor-element-29e5107f elementor-widget elementor-widget-text-editor\" data-id=\"29e5107f\" data-element_type=\"widget\" data-widget_type=\"text-editor.default\">\n\t\t\t\t<div class=\"elementor-widget-container\">\n\t\t\t\t\t\t\t\t<p><strong><span style=\"vertical-align: inherit;\">Limpeza e conserva\u00e7\u00e3o \u00e9 o trabalho cont\u00ednuo de uma\u00a0 \u00a0 equipe altamente preparada para deixar o ambiente\u00a0 \u00a0 \u00a0 \u00a0 empresarial mais organizado, limpo e produtivo.<\/span><\/strong><\/p>\t\t\t\t\t\t<\/div>\n\t\t\t\t<\/div>\n\t\t\t\t\t<\/div>\n\t\t<\/div>\n\t\t\t\t\t\t\t<\/div>\n\t\t<\/section>\n\t\t\t\t<section class=\"elementor-section elementor-top-section elementor-element elementor-element-ed12932 elementor-section-boxed elementor-section-height-default elementor-section-height-default\" data-id=\"ed12932\" data-element_type=\"section\">\n\t\t\t\t\t\t<div class=\"elementor-container elementor-column-gap-default\">\n\t\t\t\t\t<div class=\"elementor-column elementor-col-50 elementor-top-column elementor-element elementor-element-7343294\" data-id=\"7343294\" data-element_type=\"column\">\n\t\t\t<div class=\"elementor-widget-wrap elementor-element-populated\">\n\t\t\t\t\t\t\t\t<div class=\"elementor-element elementor-element-601f8e6 elementor-widget elementor-widget-text-editor\" data-id=\"601f8e6\" data-element_type=\"widget\" data-widget_type=\"text-editor.default\">\n\t\t\t\t<div class=\"elementor-widget-container\">\n\t\t\t\t\t\t\t\t<p>\u00a0<\/p><p>Voc\u00ea sabia que a falta de <strong>limpeza<\/strong> e de <strong>conserva\u00e7\u00e3o<\/strong> da\u00a0 empresa aceleram o processo de deteriora\u00e7\u00e3o das instala\u00e7\u00f5es? Esse \u00e9 um dos motivos pelo qual \u00e9 importante realizar a manuten\u00e7\u00e3o di\u00e1ria da empresa<\/p><p>Nossos colaboradores s\u00e3o treinados e capacitados para cada ambiente de trabalho, pois cada cliente tem sua particularidade e n\u00f3s temos um atendimento totalmente personalizado para que voc\u00ea se sinta feliz e seguro contratando a <strong>ALISERVE.<\/strong><\/p>\t\t\t\t\t\t<\/div>\n\t\t\t\t<\/div>\n\t\t\t\t\t<\/div>\n\t\t<\/div>\n\t\t\t\t<div class=\"elementor-column elementor-col-50 elementor-top-column elementor-element elementor-element-3b3b554\" data-id=\"3b3b554\" data-element_type=\"column\">\n\t\t\t<div class=\"elementor-widget-wrap elementor-element-populated\">\n\t\t\t\t\t\t\t\t<div class=\"elementor-element elementor-element-f5d84d8 elementor-widget elementor-widget-text-editor\" data-id=\"f5d84d8\" data-element_type=\"widget\" data-widget_type=\"text-editor.default\">\n\t\t\t\t<div class=\"elementor-widget-container\">\n\t\t\t\t\t\t\t\t<p><strong><em><img loading=\"lazy\" decoding=\"async\" class=\"wp-image-1013 alignleft\" src=\"http:\/\/aliserve.com.br\/wp-content\/uploads\/2021\/10\/BeneficiosEmContratar2-300x282.png\" alt=\"\" width=\"40\" height=\"38\" srcset=\"https:\/\/aliserve.com.br\/wp-content\/uploads\/2021\/10\/BeneficiosEmContratar2-300x282.png 300w, https:\/\/aliserve.com.br\/wp-content\/uploads\/2021\/10\/BeneficiosEmContratar2.png 749w\" sizes=\"auto, (max-width: 40px) 100vw, 40px\" \/>BENEF\u00cdCIOS EM NOS CONTRATAR:<\/em><\/strong><\/p><ul><li>DESENVOLVEMOS UMA ESCALA INTELIGENTE E ECON\u00d4MICA;<\/li><li>DESENVOLVEMOS O PROCEDIMENTO DE LIMPEZA DETALHADO DO DIA-A-DIA, PARA OTIMIZAR O TEMPO DO COLABORADOR E AUTOMATICAMENTE DIMINUINDO O CUSTO DO NOSSO CLIENTE;<\/li><li>OFERECEMOS COLABORADORES COM O PERFIL EXIGIDO;<\/li><li>OFERECEMOS REUNI\u00d5ES DE FEEDBACK PARA MELHORIAS E SUPERVIS\u00c3O AOS COLABORADORES;<\/li><li>FAZEMOS A TROCA DE IMEDIATO CASO O COLABORADOR N\u00c3O ATENDA OS REQUISITOS;<\/li><li>PLANTONISTA E FOLGUISTA PARA SUPRIR CASO ALGUM COLABORADOR VENHA A FALTAR;<\/li><li>BONIFICA\u00c7\u00c3O PARA QUE O COLABORADOR N\u00c3O FALTE;<\/li><li>PAGAMENTO CORRETO DOS ENCARGOS E TRIBUTOS TRABALHISTAS;<\/li><li>FUN\u00c7\u00c3O DE CADA COLABORADOR DE ACORDO E ESPECIFICADO EM CONTRATO E EM CARTEIRA DE TRABALHO;<\/li><li>TRABALHO PARA EVITAR A\u00c7\u00d5ES TRABALHISTAS;<\/li><li>SEGURO CONTRA ACIDENTES DE TRABALHO OU RECLAMA\u00c7\u00d5ES TRABALHISTAS;<\/li><li>PROVEMOS OS IP&#8217;S.<\/li><\/ul>\t\t\t\t\t\t<\/div>\n\t\t\t\t<\/div>\n\t\t\t\t\t<\/div>\n\t\t<\/div>\n\t\t\t\t\t\t\t<\/div>\n\t\t<\/section>\n\t\t\t\t<section class=\"elementor-section elementor-top-section elementor-element elementor-element-b6ba9bf elementor-section-boxed elementor-section-height-default elementor-section-height-default\" data-id=\"b6ba9bf\" data-element_type=\"section\">\n\t\t\t\t\t\t<div class=\"elementor-container elementor-column-gap-default\">\n\t\t\t\t\t<div class=\"elementor-column elementor-col-50 elementor-top-column elementor-element elementor-element-b0eaae7\" data-id=\"b0eaae7\" data-element_type=\"column\">\n\t\t\t<div class=\"elementor-widget-wrap elementor-element-populated\">\n\t\t\t\t\t\t\t\t<div class=\"elementor-element elementor-element-b621624 elementor-widget elementor-widget-text-editor\" data-id=\"b621624\" data-element_type=\"widget\" data-widget_type=\"text-editor.default\">\n\t\t\t\t<div class=\"elementor-widget-container\">\n\t\t\t\t\t\t\t\t\t\t\t\t\t\t<\/div>\n\t\t\t\t<\/div>\n\t\t\t\t\t<\/div>\n\t\t<\/div>\n\t\t\t\t<div class=\"elementor-column elementor-col-50 elementor-top-column elementor-element elementor-element-3d47667\" data-id=\"3d47667\" data-element_type=\"column\">\n\t\t\t<div class=\"elementor-widget-wrap elementor-element-populated\">\n\t\t\t\t\t\t\t\t<div class=\"elementor-element elementor-element-29d9460 elementor-widget elementor-widget-button\" data-id=\"29d9460\" data-element_type=\"widget\" data-widget_type=\"button.default\">\n\t\t\t\t<div class=\"elementor-widget-container\">\n\t\t\t\t\t<div class=\"elementor-button-wrapper\">\n\t\t\t<a href=\"http:\/\/aliserve.com.br\/index.php\/fale-conosco\/\" class=\"elementor-button-link elementor-button elementor-size-xs\" role=\"button\">\n\t\t\t\t\t\t<span class=\"elementor-button-content-wrapper\">\n\t\t\t\t\t\t<span class=\"elementor-button-text\">QUERO UM OR\u00c7AMENTO<\/span>\n\t\t<\/span>\n\t\t\t\t\t<\/a>\n\t\t<\/div>\n\t\t\t\t<\/div>\n\t\t\t\t<\/div>\n\t\t\t\t\t<\/div>\n\t\t<\/div>\n\t\t\t\t\t\t\t<\/div>\n\t\t<\/section>\n\t\t\t\t<section class=\"elementor-section elementor-top-section elementor-element elementor-element-476be19 elementor-section-boxed elementor-section-height-default elementor-section-height-default\" data-id=\"476be19\" data-element_type=\"section\">\n\t\t\t\t\t\t<div class=\"elementor-container elementor-column-gap-default\">\n\t\t\t\t\t<div class=\"elementor-column elementor-col-100 elementor-top-column elementor-element elementor-element-4f07006\" data-id=\"4f07006\" data-element_type=\"column\">\n\t\t\t<div class=\"elementor-widget-wrap elementor-element-populated\">\n\t\t\t\t\t\t\t\t<div class=\"elementor-element elementor-element-9994a9b elementor-widget elementor-widget-spacer\" data-id=\"9994a9b\" data-element_type=\"widget\" data-widget_type=\"spacer.default\">\n\t\t\t\t<div class=\"elementor-widget-container\">\n\t\t\t\t\t<div class=\"elementor-spacer\">\n\t\t\t<div class=\"elementor-spacer-inner\"><\/div>\n\t\t<\/div>\n\t\t\t\t<\/div>\n\t\t\t\t<\/div>\n\t\t\t\t\t<\/div>\n\t\t<\/div>\n\t\t\t\t\t\t\t<\/div>\n\t\t<\/section>\n\t\t\t\t<section class=\"elementor-section elementor-top-section elementor-element elementor-element-d9ab597 elementor-section-boxed elementor-section-height-default elementor-section-height-default\" data-id=\"d9ab597\" data-element_type=\"section\">\n\t\t\t\t\t\t<div class=\"elementor-container elementor-column-gap-default\">\n\t\t\t\t\t<div class=\"elementor-column elementor-col-100 elementor-top-column elementor-element elementor-element-d8fbefe\" data-id=\"d8fbefe\" data-element_type=\"column\">\n\t\t\t<div class=\"elementor-widget-wrap elementor-element-populated\">\n\t\t\t\t\t\t\t\t<div class=\"elementor-element elementor-element-c2b7658 elementor-widget elementor-widget-gallery\" data-id=\"c2b7658\" data-element_type=\"widget\" data-settings=\"{&quot;background_overlay_hover_animation&quot;:&quot;enter-from-right&quot;,&quot;lazyload&quot;:&quot;yes&quot;,&quot;gallery_layout&quot;:&quot;grid&quot;,&quot;columns&quot;:4,&quot;columns_tablet&quot;:2,&quot;columns_mobile&quot;:1,&quot;gap&quot;:{&quot;unit&quot;:&quot;px&quot;,&quot;size&quot;:10,&quot;sizes&quot;:[]},&quot;gap_tablet&quot;:{&quot;unit&quot;:&quot;px&quot;,&quot;size&quot;:10,&quot;sizes&quot;:[]},&quot;gap_mobile&quot;:{&quot;unit&quot;:&quot;px&quot;,&quot;size&quot;:10,&quot;sizes&quot;:[]},&quot;link_to&quot;:&quot;file&quot;,&quot;aspect_ratio&quot;:&quot;3:2&quot;,&quot;overlay_background&quot;:&quot;yes&quot;,&quot;content_hover_animation&quot;:&quot;fade-in&quot;}\" data-widget_type=\"gallery.default\">\n\t\t\t\t<div class=\"elementor-widget-container\">\n\t\t\t\t\t<div class=\"elementor-gallery__container\">\n\t\t\t\t\t\t\t<a class=\"e-gallery-item elementor-gallery-item elementor-animated-content\" href=\"https:\/\/aliserve.com.br\/wp-content\/uploads\/2021\/10\/architecture_2.jpg\" data-elementor-open-lightbox=\"yes\" data-elementor-lightbox-slideshow=\"all-c2b7658\" data-elementor-lightbox-title=\"architecture_2.jpg\">\n\t\t\t\t\t<div class=\"e-gallery-image elementor-gallery-item__image\" data-thumbnail=\"https:\/\/aliserve.com.br\/wp-content\/uploads\/2021\/10\/architecture_2-300x206.jpg\" data-width=\"300\" data-height=\"206\" alt=\"\" ><\/div>\n\t\t\t\t\t\t\t\t\t\t<div class=\"elementor-gallery-item__overlay\"><\/div>\n\t\t\t\t\t\t\t\t\t\t\t\t\t\t<\/a>\n\t\t\t\t\t\t\t<a class=\"e-gallery-item elementor-gallery-item elementor-animated-content\" href=\"https:\/\/aliserve.com.br\/wp-content\/uploads\/2021\/04\/cctv-security-camera-on-monitor-the-abstract-store-8JJ2M3K-scaled.jpg\" data-elementor-open-lightbox=\"yes\" data-elementor-lightbox-slideshow=\"all-c2b7658\" data-elementor-lightbox-title=\"CCTV security camera on monitor the abstract store blurred in ha\">\n\t\t\t\t\t<div class=\"e-gallery-image elementor-gallery-item__image\" data-thumbnail=\"https:\/\/aliserve.com.br\/wp-content\/uploads\/2021\/04\/cctv-security-camera-on-monitor-the-abstract-store-8JJ2M3K-300x199.jpg\" data-width=\"300\" data-height=\"199\" alt=\"\" ><\/div>\n\t\t\t\t\t\t\t\t\t\t<div class=\"elementor-gallery-item__overlay\"><\/div>\n\t\t\t\t\t\t\t\t\t\t\t\t\t\t<\/a>\n\t\t\t\t\t\t\t<a class=\"e-gallery-item elementor-gallery-item elementor-animated-content\" href=\"https:\/\/aliserve.com.br\/wp-content\/uploads\/2021\/04\/banner-limpeza.jpg\" data-elementor-open-lightbox=\"yes\" data-elementor-lightbox-slideshow=\"all-c2b7658\" data-elementor-lightbox-title=\"Limpeza ALISERVE\">\n\t\t\t\t\t<div class=\"e-gallery-image elementor-gallery-item__image\" data-thumbnail=\"https:\/\/aliserve.com.br\/wp-content\/uploads\/2021\/04\/banner-limpeza-300x150.jpg\" data-width=\"300\" data-height=\"150\" alt=\"\" ><\/div>\n\t\t\t\t\t\t\t\t\t\t<div class=\"elementor-gallery-item__overlay\"><\/div>\n\t\t\t\t\t\t\t\t\t\t\t\t\t\t<\/a>\n\t\t\t\t\t<\/div>\n\t\t\t<\/div>\n\t\t\t\t<\/div>\n\t\t\t\t\t<\/div>\n\t\t<\/div>\n\t\t\t\t\t\t\t<\/div>\n\t\t<\/section>\n\t\t\t\t\t\t<\/div>\n\t\t\t\t\t<\/div>\n\t\t","protected":false},"excerpt":{"rendered":"<p>Limpeza e Conserva\u00e7\u00e3o Limpeza e conserva\u00e7\u00e3o \u00e9 o trabalho cont\u00ednuo de uma\u00a0 \u00a0 equipe altamente preparada para deixar o ambiente\u00a0 \u00a0 \u00a0 \u00a0 empresarial mais organizado, limpo e produtivo. \u00a0 Voc\u00ea sabia que a falta de limpeza e de conserva\u00e7\u00e3o da\u00a0 empresa aceleram o processo de deteriora\u00e7\u00e3o das instala\u00e7\u00f5es? Esse \u00e9 um dos motivos pelo [&hellip;]<\/p>\n","protected":false},"author":1,"featured_media":0,"parent":0,"menu_order":0,"comment_status":"closed","ping_status":"closed","template":"","meta":{"_monsterinsights_skip_tracking":false,"_monsterinsights_sitenote_active":false,"_monsterinsights_sitenote_note":"","_monsterinsights_sitenote_category":0,"_joinchat":[],"footnotes":""},"class_list":["post-209","page","type-page","status-publish","hentry","entry"],"_links":{"self":[{"href":"https:\/\/aliserve.com.br\/index.php\/wp-json\/wp\/v2\/pages\/209","targetHints":{"allow":["GET"]}}],"collection":[{"href":"https:\/\/aliserve.com.br\/index.php\/wp-json\/wp\/v2\/pages"}],"about":[{"href":"https:\/\/aliserve.com.br\/index.php\/wp-json\/wp\/v2\/types\/page"}],"author":[{"embeddable":true,"href":"https:\/\/aliserve.com.br\/index.php\/wp-json\/wp\/v2\/users\/1"}],"replies":[{"embeddable":true,"href":"https:\/\/aliserve.com.br\/index.php\/wp-json\/wp\/v2\/comments?post=209"}],"version-history":[{"count":39,"href":"https:\/\/aliserve.com.br\/index.php\/wp-json\/wp\/v2\/pages\/209\/revisions"}],"predecessor-version":[{"id":1419,"href":"https:\/\/aliserve.com.br\/index.php\/wp-json\/wp\/v2\/pages\/209\/revisions\/1419"}],"wp:attachment":[{"href":"https:\/\/aliserve.com.br\/index.php\/wp-json\/wp\/v2\/media?parent=209"}],"curies":[{"name":"wp","href":"https:\/\/api.w.org\/{rel}","templated":true}]}}