{"id":205,"date":"2021-09-27T09:19:16","date_gmt":"2021-09-27T12:19:16","guid":{"rendered":"http:\/\/aliserve.com.br\/?page_id=205"},"modified":"2021-10-15T01:25:59","modified_gmt":"2021-10-15T04:25:59","slug":"vigilancia","status":"publish","type":"page","link":"https:\/\/aliserve.com.br\/index.php\/vigilancia\/","title":{"rendered":"VIGILANTE"},"content":{"rendered":"\t\t<div data-elementor-type=\"wp-page\" data-elementor-id=\"205\" class=\"elementor elementor-205\" data-elementor-settings=\"[]\">\n\t\t\t\t\t\t\t<div class=\"elementor-section-wrap\">\n\t\t\t\t\t\t\t<section class=\"elementor-section elementor-top-section elementor-element elementor-element-58b302c4 elementor-section-stretched elementor-section-boxed elementor-section-height-default elementor-section-height-default\" data-id=\"58b302c4\" data-element_type=\"section\" data-settings=\"{&quot;background_background&quot;:&quot;classic&quot;,&quot;shape_divider_bottom&quot;:&quot;triangle-asymmetrical&quot;,&quot;shape_divider_bottom_negative&quot;:&quot;yes&quot;,&quot;stretch_section&quot;:&quot;section-stretched&quot;,&quot;background_motion_fx_motion_fx_scrolling&quot;:&quot;yes&quot;,&quot;background_motion_fx_devices&quot;:[&quot;desktop&quot;,&quot;tablet&quot;,&quot;mobile&quot;]}\">\n\t\t\t\t\t\t\t<div class=\"elementor-background-overlay\"><\/div>\n\t\t\t\t\t\t<div class=\"elementor-shape elementor-shape-bottom\" data-negative=\"true\">\n\t\t\t<svg xmlns=\"http:\/\/www.w3.org\/2000\/svg\" viewBox=\"0 0 1000 100\" preserveAspectRatio=\"none\">\n\t<path class=\"elementor-shape-fill\" d=\"M737.9,94.7L0,0v100h1000V0L737.9,94.7z\"\/>\n<\/svg>\t\t<\/div>\n\t\t\t\t\t<div class=\"elementor-container elementor-column-gap-default\">\n\t\t\t\t\t<div class=\"elementor-column elementor-col-100 elementor-top-column elementor-element elementor-element-43b04756\" data-id=\"43b04756\" data-element_type=\"column\">\n\t\t\t<div class=\"elementor-widget-wrap elementor-element-populated\">\n\t\t\t\t\t\t\t\t<div class=\"elementor-element elementor-element-8db65ea elementor-widget elementor-widget-heading\" data-id=\"8db65ea\" data-element_type=\"widget\" data-widget_type=\"heading.default\">\n\t\t\t\t<div class=\"elementor-widget-container\">\n\t\t\t<h2 class=\"elementor-heading-title elementor-size-default\">Vigilante<\/h2>\t\t<\/div>\n\t\t\t\t<\/div>\n\t\t\t\t<div class=\"elementor-element elementor-element-62016b02 elementor-widget elementor-widget-text-editor\" data-id=\"62016b02\" data-element_type=\"widget\" data-widget_type=\"text-editor.default\">\n\t\t\t\t<div class=\"elementor-widget-container\">\n\t\t\t\t\t\t\t\t<p><span style=\"vertical-align: inherit;\"><span style=\"vertical-align: inherit;\">Todos os vigilantes dotados de suas fun\u00e7\u00f5es junto \u00e0 Pol\u00edcia Federal, al\u00e9m de receber a cada dois anos uma reciclagem de treinamento permitindo assim um servi\u00e7o confi\u00e1vel e qualificado.<\/span><\/span><\/p>\t\t\t\t\t\t<\/div>\n\t\t\t\t<\/div>\n\t\t\t\t\t<\/div>\n\t\t<\/div>\n\t\t\t\t\t\t\t<\/div>\n\t\t<\/section>\n\t\t\t\t<section class=\"elementor-section elementor-top-section elementor-element elementor-element-c72f174 elementor-section-boxed elementor-section-height-default elementor-section-height-default\" data-id=\"c72f174\" data-element_type=\"section\">\n\t\t\t\t\t\t<div class=\"elementor-container elementor-column-gap-default\">\n\t\t\t\t\t<div class=\"elementor-column elementor-col-50 elementor-top-column elementor-element elementor-element-0ce052a\" data-id=\"0ce052a\" data-element_type=\"column\">\n\t\t\t<div class=\"elementor-widget-wrap elementor-element-populated\">\n\t\t\t\t\t\t\t\t<div class=\"elementor-element elementor-element-066f428 elementor-widget elementor-widget-text-editor\" data-id=\"066f428\" data-element_type=\"widget\" data-widget_type=\"text-editor.default\">\n\t\t\t\t<div class=\"elementor-widget-container\">\n\t\t\t\t\t\t\t\t<p>\u00a0<\/p><p>Os vigias atuam no controle de acessos dos visitantes, colaboradores, prestadores de servi\u00e7os, ve\u00edculos, caminh\u00f5es etc. Al\u00e9m disso, este profissional \u00e9 respons\u00e1vel por realizar vistorias e rondas sistem\u00e1ticas em todas as depend\u00eancias do condom\u00ednio. Al\u00e9m de andarem uniformizado e bem asseado, nosso colaborador \u00e9 treinado para qualquer tipo de situa\u00e7\u00e3o que venha ocorrer, pois a seguran\u00e7a em nosso cliente \u00e9 primordial. Por isso que nossos colaboradores s\u00e3o treinados e capacitados para cada ambiente de trabalho, pois cada cliente tem sua particularidade e n\u00f3s temos um atendimento totalmente personalizado para que voc\u00ea se sinta feliz e seguro contratando a <strong>ALISERVE.<\/strong><\/p>\t\t\t\t\t\t<\/div>\n\t\t\t\t<\/div>\n\t\t\t\t\t<\/div>\n\t\t<\/div>\n\t\t\t\t<div class=\"elementor-column elementor-col-50 elementor-top-column elementor-element elementor-element-6f40a54\" data-id=\"6f40a54\" data-element_type=\"column\">\n\t\t\t<div class=\"elementor-widget-wrap elementor-element-populated\">\n\t\t\t\t\t\t\t\t<div class=\"elementor-element elementor-element-a817c45 elementor-widget elementor-widget-text-editor\" data-id=\"a817c45\" data-element_type=\"widget\" data-widget_type=\"text-editor.default\">\n\t\t\t\t<div class=\"elementor-widget-container\">\n\t\t\t\t\t\t\t\t<p><strong><em><img loading=\"lazy\" decoding=\"async\" class=\" wp-image-1013 alignleft\" src=\"http:\/\/aliserve.com.br\/wp-content\/uploads\/2021\/10\/BeneficiosEmContratar2-300x282.png\" alt=\"\" width=\"40\" height=\"38\" srcset=\"https:\/\/aliserve.com.br\/wp-content\/uploads\/2021\/10\/BeneficiosEmContratar2-300x282.png 300w, https:\/\/aliserve.com.br\/wp-content\/uploads\/2021\/10\/BeneficiosEmContratar2.png 749w\" sizes=\"auto, (max-width: 40px) 100vw, 40px\" \/>BENEF\u00cdCIOS EM NOS CONTRATAR:<\/em><\/strong><\/p><ul><li>DESENVOLVEMOS UMA ESCALA INTELIGENTE E ECON\u00d4MICA;<\/li><li>DESENVOLVEMOS O PROCEDIMENTO DE LIMPEZA DETALHADO DO DIA-A-DIA, PARA OTIMIZAR O TEMPO DO COLABORADOR E AUTOMATICAMENTE DIMINUINDO O CUSTO DO NOSSO CLIENTE;<\/li><li>OFERECEMOS COLABORADORES COM O PERFIL EXIGIDO;<\/li><li>OFERECEMOS REUNI\u00d5ES DE FEEDBACK PARA MELHORIAS E SUPERVIS\u00c3O AOS COLABORADORES;<\/li><li>FAZEMOS A TROCA DE IMEDIATO CASO O COLABORADOR N\u00c3O ATENDA OS REQUISITOS;<\/li><li>PLANTONISTA E FOLGUISTA PARA SUPRIR CASO ALGUM COLABORADOR VENHA A FALTAR;<\/li><li>BONIFICA\u00c7\u00c3O PARA QUE O COLABORADOR N\u00c3O FALTE;<\/li><li>PAGAMENTO CORRETO DOS ENCARGOS E TRIBUTOS TRABALHISTAS;<\/li><li>FUN\u00c7\u00c3O DE CADA COLABORADOR DE ACORDO E ESPECIFICADO EM CONTRATO E EM CARTEIRA DE TRABALHO;<\/li><li>TRABALHO PARA EVITAR A\u00c7\u00d5ES TRABALHISTAS;<\/li><li>SEGURO CONTRA ACIDENTES DE TRABALHO OU RECLAMA\u00c7\u00d5ES TRABALHISTAS;<\/li><li>PROVEMOS OS IP&#8217;S.<\/li><\/ul>\t\t\t\t\t\t<\/div>\n\t\t\t\t<\/div>\n\t\t\t\t\t<\/div>\n\t\t<\/div>\n\t\t\t\t\t\t\t<\/div>\n\t\t<\/section>\n\t\t\t\t<section class=\"elementor-section elementor-top-section elementor-element elementor-element-c8db675 elementor-section-boxed elementor-section-height-default elementor-section-height-default\" data-id=\"c8db675\" data-element_type=\"section\">\n\t\t\t\t\t\t<div class=\"elementor-container elementor-column-gap-default\">\n\t\t\t\t\t<div class=\"elementor-column elementor-col-50 elementor-top-column elementor-element elementor-element-3e86e13\" data-id=\"3e86e13\" data-element_type=\"column\">\n\t\t\t<div class=\"elementor-widget-wrap elementor-element-populated\">\n\t\t\t\t\t\t\t\t<div class=\"elementor-element elementor-element-81cd4e6 elementor-widget elementor-widget-text-editor\" data-id=\"81cd4e6\" data-element_type=\"widget\" data-widget_type=\"text-editor.default\">\n\t\t\t\t<div class=\"elementor-widget-container\">\n\t\t\t\t\t\t\t\t\t\t\t\t\t\t<\/div>\n\t\t\t\t<\/div>\n\t\t\t\t\t<\/div>\n\t\t<\/div>\n\t\t\t\t<div class=\"elementor-column elementor-col-50 elementor-top-column elementor-element elementor-element-246e61a\" data-id=\"246e61a\" data-element_type=\"column\">\n\t\t\t<div class=\"elementor-widget-wrap elementor-element-populated\">\n\t\t\t\t\t\t\t\t<div class=\"elementor-element elementor-element-c42754d elementor-widget elementor-widget-button\" data-id=\"c42754d\" data-element_type=\"widget\" data-widget_type=\"button.default\">\n\t\t\t\t<div class=\"elementor-widget-container\">\n\t\t\t\t\t<div class=\"elementor-button-wrapper\">\n\t\t\t<a href=\"http:\/\/aliserve.com.br\/index.php\/fale-conosco\/\" class=\"elementor-button-link elementor-button elementor-size-xs\" role=\"button\">\n\t\t\t\t\t\t<span class=\"elementor-button-content-wrapper\">\n\t\t\t\t\t\t<span class=\"elementor-button-text\">QUERO UM OR\u00c7AMENTO<\/span>\n\t\t<\/span>\n\t\t\t\t\t<\/a>\n\t\t<\/div>\n\t\t\t\t<\/div>\n\t\t\t\t<\/div>\n\t\t\t\t\t<\/div>\n\t\t<\/div>\n\t\t\t\t\t\t\t<\/div>\n\t\t<\/section>\n\t\t\t\t<section class=\"elementor-section elementor-top-section elementor-element elementor-element-8cd4972 elementor-section-boxed elementor-section-height-default elementor-section-height-default\" data-id=\"8cd4972\" data-element_type=\"section\">\n\t\t\t\t\t\t<div class=\"elementor-container elementor-column-gap-default\">\n\t\t\t\t\t<div class=\"elementor-column elementor-col-100 elementor-top-column elementor-element elementor-element-7d6c4ba\" data-id=\"7d6c4ba\" data-element_type=\"column\">\n\t\t\t<div class=\"elementor-widget-wrap elementor-element-populated\">\n\t\t\t\t\t\t\t\t<div class=\"elementor-element elementor-element-779c965 elementor-widget elementor-widget-spacer\" data-id=\"779c965\" data-element_type=\"widget\" data-widget_type=\"spacer.default\">\n\t\t\t\t<div class=\"elementor-widget-container\">\n\t\t\t\t\t<div class=\"elementor-spacer\">\n\t\t\t<div class=\"elementor-spacer-inner\"><\/div>\n\t\t<\/div>\n\t\t\t\t<\/div>\n\t\t\t\t<\/div>\n\t\t\t\t\t<\/div>\n\t\t<\/div>\n\t\t\t\t\t\t\t<\/div>\n\t\t<\/section>\n\t\t\t\t<section class=\"elementor-section elementor-top-section elementor-element elementor-element-888e81e elementor-section-boxed elementor-section-height-default elementor-section-height-default\" data-id=\"888e81e\" data-element_type=\"section\">\n\t\t\t\t\t\t<div class=\"elementor-container elementor-column-gap-default\">\n\t\t\t\t\t<div class=\"elementor-column elementor-col-100 elementor-top-column elementor-element elementor-element-b72f1b1\" data-id=\"b72f1b1\" data-element_type=\"column\">\n\t\t\t<div class=\"elementor-widget-wrap elementor-element-populated\">\n\t\t\t\t\t\t\t\t<div class=\"elementor-element elementor-element-1970aa4 elementor-widget elementor-widget-gallery\" data-id=\"1970aa4\" data-element_type=\"widget\" data-settings=\"{&quot;background_overlay_hover_animation&quot;:&quot;enter-from-left&quot;,&quot;lazyload&quot;:&quot;yes&quot;,&quot;gallery_layout&quot;:&quot;grid&quot;,&quot;columns&quot;:4,&quot;columns_tablet&quot;:2,&quot;columns_mobile&quot;:1,&quot;gap&quot;:{&quot;unit&quot;:&quot;px&quot;,&quot;size&quot;:10,&quot;sizes&quot;:[]},&quot;gap_tablet&quot;:{&quot;unit&quot;:&quot;px&quot;,&quot;size&quot;:10,&quot;sizes&quot;:[]},&quot;gap_mobile&quot;:{&quot;unit&quot;:&quot;px&quot;,&quot;size&quot;:10,&quot;sizes&quot;:[]},&quot;link_to&quot;:&quot;file&quot;,&quot;aspect_ratio&quot;:&quot;3:2&quot;,&quot;overlay_background&quot;:&quot;yes&quot;,&quot;content_hover_animation&quot;:&quot;fade-in&quot;}\" data-widget_type=\"gallery.default\">\n\t\t\t\t<div class=\"elementor-widget-container\">\n\t\t\t\t\t<div class=\"elementor-gallery__container\">\n\t\t\t\t\t\t\t<a class=\"e-gallery-item elementor-gallery-item elementor-animated-content\" href=\"https:\/\/aliserve.com.br\/wp-content\/uploads\/2021\/04\/banner-portaria.jpg\" data-elementor-open-lightbox=\"yes\" data-elementor-lightbox-slideshow=\"all-1970aa4\" data-elementor-lightbox-title=\"banner portaria\">\n\t\t\t\t\t<div class=\"e-gallery-image elementor-gallery-item__image\" data-thumbnail=\"https:\/\/aliserve.com.br\/wp-content\/uploads\/2021\/04\/banner-portaria-300x156.jpg\" data-width=\"300\" data-height=\"156\" alt=\"\" ><\/div>\n\t\t\t\t\t\t\t\t\t\t<div class=\"elementor-gallery-item__overlay\"><\/div>\n\t\t\t\t\t\t\t\t\t\t\t\t\t\t<\/a>\n\t\t\t\t\t\t\t<a class=\"e-gallery-item elementor-gallery-item elementor-animated-content\" href=\"https:\/\/aliserve.com.br\/wp-content\/uploads\/2021\/10\/vigia-2.png\" data-elementor-open-lightbox=\"yes\" data-elementor-lightbox-slideshow=\"all-1970aa4\" data-elementor-lightbox-title=\"vigia 2\">\n\t\t\t\t\t<div class=\"e-gallery-image elementor-gallery-item__image\" data-thumbnail=\"https:\/\/aliserve.com.br\/wp-content\/uploads\/2021\/10\/vigia-2-300x300.png\" data-width=\"300\" data-height=\"300\" alt=\"\" ><\/div>\n\t\t\t\t\t\t\t\t\t\t<div class=\"elementor-gallery-item__overlay\"><\/div>\n\t\t\t\t\t\t\t\t\t\t\t\t\t\t<\/a>\n\t\t\t\t\t\t\t<a class=\"e-gallery-item elementor-gallery-item elementor-animated-content\" href=\"https:\/\/aliserve.com.br\/wp-content\/uploads\/2021\/10\/seguranca02.png\" data-elementor-open-lightbox=\"yes\" data-elementor-lightbox-slideshow=\"all-1970aa4\" data-elementor-lightbox-title=\"Seguran\u00e7a ALISERVE\">\n\t\t\t\t\t<div class=\"e-gallery-image elementor-gallery-item__image\" data-thumbnail=\"https:\/\/aliserve.com.br\/wp-content\/uploads\/2021\/10\/seguranca02-300x300.png\" data-width=\"300\" data-height=\"300\" alt=\"\" ><\/div>\n\t\t\t\t\t\t\t\t\t\t<div class=\"elementor-gallery-item__overlay\"><\/div>\n\t\t\t\t\t\t\t\t\t\t\t\t\t\t<\/a>\n\t\t\t\t\t<\/div>\n\t\t\t<\/div>\n\t\t\t\t<\/div>\n\t\t\t\t\t<\/div>\n\t\t<\/div>\n\t\t\t\t\t\t\t<\/div>\n\t\t<\/section>\n\t\t\t\t\t\t<\/div>\n\t\t\t\t\t<\/div>\n\t\t","protected":false},"excerpt":{"rendered":"<p>Vigilante Todos os vigilantes dotados de suas fun\u00e7\u00f5es junto \u00e0 Pol\u00edcia Federal, al\u00e9m de receber a cada dois anos uma reciclagem de treinamento permitindo assim um servi\u00e7o confi\u00e1vel e qualificado. \u00a0 Os vigias atuam no controle de acessos dos visitantes, colaboradores, prestadores de servi\u00e7os, ve\u00edculos, caminh\u00f5es etc. Al\u00e9m disso, este profissional \u00e9 respons\u00e1vel por realizar [&hellip;]<\/p>\n","protected":false},"author":1,"featured_media":0,"parent":0,"menu_order":0,"comment_status":"closed","ping_status":"closed","template":"","meta":{"_monsterinsights_skip_tracking":false,"_monsterinsights_sitenote_active":false,"_monsterinsights_sitenote_note":"","_monsterinsights_sitenote_category":0,"_joinchat":[],"footnotes":""},"class_list":["post-205","page","type-page","status-publish","hentry","entry"],"_links":{"self":[{"href":"https:\/\/aliserve.com.br\/index.php\/wp-json\/wp\/v2\/pages\/205","targetHints":{"allow":["GET"]}}],"collection":[{"href":"https:\/\/aliserve.com.br\/index.php\/wp-json\/wp\/v2\/pages"}],"about":[{"href":"https:\/\/aliserve.com.br\/index.php\/wp-json\/wp\/v2\/types\/page"}],"author":[{"embeddable":true,"href":"https:\/\/aliserve.com.br\/index.php\/wp-json\/wp\/v2\/users\/1"}],"replies":[{"embeddable":true,"href":"https:\/\/aliserve.com.br\/index.php\/wp-json\/wp\/v2\/comments?post=205"}],"version-history":[{"count":35,"href":"https:\/\/aliserve.com.br\/index.php\/wp-json\/wp\/v2\/pages\/205\/revisions"}],"predecessor-version":[{"id":1308,"href":"https:\/\/aliserve.com.br\/index.php\/wp-json\/wp\/v2\/pages\/205\/revisions\/1308"}],"wp:attachment":[{"href":"https:\/\/aliserve.com.br\/index.php\/wp-json\/wp\/v2\/media?parent=205"}],"curies":[{"name":"wp","href":"https:\/\/api.w.org\/{rel}","templated":true}]}}