{"id":199,"date":"2021-09-27T09:09:25","date_gmt":"2021-09-27T12:09:25","guid":{"rendered":"http:\/\/aliserve.com.br\/?page_id=199"},"modified":"2021-10-15T02:20:57","modified_gmt":"2021-10-15T05:20:57","slug":"zeladoria","status":"publish","type":"page","link":"https:\/\/aliserve.com.br\/index.php\/zeladoria\/","title":{"rendered":"ZELADORIA"},"content":{"rendered":"\t\t<div data-elementor-type=\"wp-page\" data-elementor-id=\"199\" class=\"elementor elementor-199\" data-elementor-settings=\"[]\">\n\t\t\t\t\t\t\t<div class=\"elementor-section-wrap\">\n\t\t\t\t\t\t\t<section class=\"elementor-section elementor-top-section elementor-element elementor-element-6af7542b elementor-section-stretched elementor-section-boxed elementor-section-height-default elementor-section-height-default\" data-id=\"6af7542b\" data-element_type=\"section\" data-settings=\"{&quot;background_background&quot;:&quot;classic&quot;,&quot;shape_divider_bottom&quot;:&quot;triangle-asymmetrical&quot;,&quot;shape_divider_bottom_negative&quot;:&quot;yes&quot;,&quot;stretch_section&quot;:&quot;section-stretched&quot;}\">\n\t\t\t\t\t\t\t<div class=\"elementor-background-overlay\"><\/div>\n\t\t\t\t\t\t<div class=\"elementor-shape elementor-shape-bottom\" data-negative=\"true\">\n\t\t\t<svg xmlns=\"http:\/\/www.w3.org\/2000\/svg\" viewBox=\"0 0 1000 100\" preserveAspectRatio=\"none\">\n\t<path class=\"elementor-shape-fill\" d=\"M737.9,94.7L0,0v100h1000V0L737.9,94.7z\"\/>\n<\/svg>\t\t<\/div>\n\t\t\t\t\t<div class=\"elementor-container elementor-column-gap-default\">\n\t\t\t\t\t<div class=\"elementor-column elementor-col-100 elementor-top-column elementor-element elementor-element-1cec91f\" data-id=\"1cec91f\" data-element_type=\"column\">\n\t\t\t<div class=\"elementor-widget-wrap elementor-element-populated\">\n\t\t\t\t\t\t\t\t<div class=\"elementor-element elementor-element-5e1ae613 elementor-widget elementor-widget-heading\" data-id=\"5e1ae613\" data-element_type=\"widget\" data-widget_type=\"heading.default\">\n\t\t\t\t<div class=\"elementor-widget-container\">\n\t\t\t<h5 class=\"elementor-heading-title elementor-size-default\"><font style=\"vertical-align: inherit;\"><font style=\"vertical-align: inherit;\"><font style=\"vertical-align: inherit;\"><font style=\"vertical-align: inherit;\"><font style=\"vertical-align: inherit;\"><font style=\"vertical-align: inherit;\"><font style=\"vertical-align: inherit;\"><font style=\"vertical-align: inherit;\"><font style=\"vertical-align: inherit;\"><font style=\"vertical-align: inherit;\">Zeladoria<\/font><\/font><\/font><\/font><\/font><\/font><\/font><\/font><\/font><\/font><\/h5>\t\t<\/div>\n\t\t\t\t<\/div>\n\t\t\t\t<div class=\"elementor-element elementor-element-2dfc0b5b elementor-widget elementor-widget-text-editor\" data-id=\"2dfc0b5b\" data-element_type=\"widget\" data-widget_type=\"text-editor.default\">\n\t\t\t\t<div class=\"elementor-widget-container\">\n\t\t\t\t\t\t\t\t<p><strong><span style=\"vertical-align: inherit;\"><span style=\"vertical-align: inherit;\"><span style=\"vertical-align: inherit;\"><span style=\"vertical-align: inherit;\"><span style=\"vertical-align: inherit;\"><span style=\"vertical-align: inherit;\">Diversos servi\u00e7os, entre os quais, os de zeladoria oferecendo profissional experientes.<\/span><\/span><\/span><\/span><\/span><\/span><\/strong><\/p>\t\t\t\t\t\t<\/div>\n\t\t\t\t<\/div>\n\t\t\t\t\t<\/div>\n\t\t<\/div>\n\t\t\t\t\t\t\t<\/div>\n\t\t<\/section>\n\t\t\t\t<section class=\"elementor-section elementor-top-section elementor-element elementor-element-257fd0f elementor-section-boxed elementor-section-height-default elementor-section-height-default\" data-id=\"257fd0f\" data-element_type=\"section\">\n\t\t\t\t\t\t<div class=\"elementor-container elementor-column-gap-default\">\n\t\t\t\t\t<div class=\"elementor-column elementor-col-50 elementor-top-column elementor-element elementor-element-9ebff88\" data-id=\"9ebff88\" data-element_type=\"column\">\n\t\t\t<div class=\"elementor-widget-wrap elementor-element-populated\">\n\t\t\t\t\t\t\t\t<div class=\"elementor-element elementor-element-c84a3ad elementor-widget elementor-widget-text-editor\" data-id=\"c84a3ad\" data-element_type=\"widget\" data-widget_type=\"text-editor.default\">\n\t\t\t\t<div class=\"elementor-widget-container\">\n\t\t\t\t\t\t\t\t<p>\u00a0<\/p><p>Voc\u00ea sabia que a falta de limpeza e de conserva\u00e7\u00e3o da empresa aceleram o processo de deteriora\u00e7\u00e3o das instala\u00e7\u00f5es? Esse \u00e9 um dos motivos pelo qual \u00e9 importante realizar a manuten\u00e7\u00e3o di\u00e1ria da empresa Nossos colaboradores s\u00e3o treinados e capacitados para cada ambiente de trabalho, pois cada cliente tem sua particularidade e n\u00f3s temos um atendimento totalmente personalizado para que voc\u00ea se sinta feliz e seguro contratando a <strong>ALISERVE.<\/strong><\/p>\t\t\t\t\t\t<\/div>\n\t\t\t\t<\/div>\n\t\t\t\t\t<\/div>\n\t\t<\/div>\n\t\t\t\t<div class=\"elementor-column elementor-col-50 elementor-top-column elementor-element elementor-element-dd68eec\" data-id=\"dd68eec\" data-element_type=\"column\">\n\t\t\t<div class=\"elementor-widget-wrap elementor-element-populated\">\n\t\t\t\t\t\t\t\t<div class=\"elementor-element elementor-element-f156ed0 elementor-widget elementor-widget-text-editor\" data-id=\"f156ed0\" data-element_type=\"widget\" data-widget_type=\"text-editor.default\">\n\t\t\t\t<div class=\"elementor-widget-container\">\n\t\t\t\t\t\t\t\t<p><strong><em><img loading=\"lazy\" decoding=\"async\" class=\" wp-image-1013 alignleft\" src=\"http:\/\/aliserve.com.br\/wp-content\/uploads\/2021\/10\/BeneficiosEmContratar2-300x282.png\" alt=\"\" width=\"40\" height=\"38\" srcset=\"https:\/\/aliserve.com.br\/wp-content\/uploads\/2021\/10\/BeneficiosEmContratar2-300x282.png 300w, https:\/\/aliserve.com.br\/wp-content\/uploads\/2021\/10\/BeneficiosEmContratar2.png 749w\" sizes=\"auto, (max-width: 40px) 100vw, 40px\" \/>BENEF\u00cdCIOS EM NOS CONTRATAR:<\/em><\/strong><\/p><ul><li>DESENVOLVEMOS UMA ESCALA INTELIGENTE E ECON\u00d4MICA;<\/li><li>DESENVOLVEMOS O PROCEDIMENTO DE LIMPEZA DETALHADO DO DIA-A-DIA, PARA OTIMIZAR O TEMPO DO COLABORADOR E AUTOMATICAMENTE DIMINUINDO O CUSTO DO NOSSO CLIENTE;<\/li><li>OFERECEMOS COLABORADORES COM O PERFIL EXIGIDO;<\/li><li>OFERECEMOS REUNI\u00d5ES DE FEEDBACK PARA MELHORIAS E SUPERVIS\u00c3O AOS COLABORADORES;<\/li><li>FAZEMOS A TROCA DE IMEDIATO CASO O COLABORADOR N\u00c3O ATENDA OS REQUISITOS;<\/li><li>PLANTONISTA E FOLGUISTA PARA SUPRIR CASO ALGUM COLABORADOR VENHA A FALTAR;<\/li><li>BONIFICA\u00c7\u00c3O PARA QUE O COLABORADOR N\u00c3O FALTE;<\/li><li>PAGAMENTO CORRETO DOS ENCARGOS E TRIBUTOS TRABALHISTAS;<\/li><li>FUN\u00c7\u00c3O DE CADA COLABORADOR DE ACORDO E ESPECIFICADO EM CONTRATO E EM CARTEIRA DE TRABALHO;<\/li><li>TRABALHO PARA EVITAR A\u00c7\u00d5ES TRABALHISTAS;<\/li><li>SEGURO CONTRA ACIDENTES DE TRABALHO OU RECLAMA\u00c7\u00d5ES TRABALHISTAS;<\/li><li>PROVEMOS OS IP&#8217;S.<\/li><\/ul>\t\t\t\t\t\t<\/div>\n\t\t\t\t<\/div>\n\t\t\t\t\t<\/div>\n\t\t<\/div>\n\t\t\t\t\t\t\t<\/div>\n\t\t<\/section>\n\t\t\t\t<section class=\"elementor-section elementor-top-section elementor-element elementor-element-79ba5d8 elementor-section-boxed elementor-section-height-default elementor-section-height-default\" data-id=\"79ba5d8\" data-element_type=\"section\">\n\t\t\t\t\t\t<div class=\"elementor-container elementor-column-gap-default\">\n\t\t\t\t\t<div class=\"elementor-column elementor-col-50 elementor-top-column elementor-element elementor-element-a1b970d\" data-id=\"a1b970d\" data-element_type=\"column\">\n\t\t\t<div class=\"elementor-widget-wrap elementor-element-populated\">\n\t\t\t\t\t\t\t\t<div class=\"elementor-element elementor-element-bbb3f4a elementor-widget elementor-widget-text-editor\" data-id=\"bbb3f4a\" data-element_type=\"widget\" data-widget_type=\"text-editor.default\">\n\t\t\t\t<div class=\"elementor-widget-container\">\n\t\t\t\t\t\t\t\t\t\t\t\t\t\t<\/div>\n\t\t\t\t<\/div>\n\t\t\t\t\t<\/div>\n\t\t<\/div>\n\t\t\t\t<div class=\"elementor-column elementor-col-50 elementor-top-column elementor-element elementor-element-f8f72c4\" data-id=\"f8f72c4\" data-element_type=\"column\">\n\t\t\t<div class=\"elementor-widget-wrap elementor-element-populated\">\n\t\t\t\t\t\t\t\t<div class=\"elementor-element elementor-element-be56d70 elementor-widget elementor-widget-button\" data-id=\"be56d70\" data-element_type=\"widget\" data-widget_type=\"button.default\">\n\t\t\t\t<div class=\"elementor-widget-container\">\n\t\t\t\t\t<div class=\"elementor-button-wrapper\">\n\t\t\t<a href=\"http:\/\/aliserve.com.br\/index.php\/fale-conosco\/\" class=\"elementor-button-link elementor-button elementor-size-xs\" role=\"button\">\n\t\t\t\t\t\t<span class=\"elementor-button-content-wrapper\">\n\t\t\t\t\t\t<span class=\"elementor-button-text\">QUERO UM OR\u00c7AMENTO<\/span>\n\t\t<\/span>\n\t\t\t\t\t<\/a>\n\t\t<\/div>\n\t\t\t\t<\/div>\n\t\t\t\t<\/div>\n\t\t\t\t\t<\/div>\n\t\t<\/div>\n\t\t\t\t\t\t\t<\/div>\n\t\t<\/section>\n\t\t\t\t<section class=\"elementor-section elementor-top-section elementor-element elementor-element-58227e3 elementor-section-boxed elementor-section-height-default elementor-section-height-default\" data-id=\"58227e3\" data-element_type=\"section\">\n\t\t\t\t\t\t<div class=\"elementor-container elementor-column-gap-default\">\n\t\t\t\t\t<div class=\"elementor-column elementor-col-100 elementor-top-column elementor-element elementor-element-13f41d2\" data-id=\"13f41d2\" data-element_type=\"column\">\n\t\t\t<div class=\"elementor-widget-wrap elementor-element-populated\">\n\t\t\t\t\t\t\t\t<div class=\"elementor-element elementor-element-dabe95c elementor-widget elementor-widget-spacer\" data-id=\"dabe95c\" data-element_type=\"widget\" data-widget_type=\"spacer.default\">\n\t\t\t\t<div class=\"elementor-widget-container\">\n\t\t\t\t\t<div class=\"elementor-spacer\">\n\t\t\t<div class=\"elementor-spacer-inner\"><\/div>\n\t\t<\/div>\n\t\t\t\t<\/div>\n\t\t\t\t<\/div>\n\t\t\t\t\t<\/div>\n\t\t<\/div>\n\t\t\t\t\t\t\t<\/div>\n\t\t<\/section>\n\t\t\t\t<section class=\"elementor-section elementor-top-section elementor-element elementor-element-867183c elementor-section-stretched elementor-section-boxed elementor-section-height-default elementor-section-height-default\" data-id=\"867183c\" data-element_type=\"section\" data-settings=\"{&quot;stretch_section&quot;:&quot;section-stretched&quot;}\">\n\t\t\t\t\t\t<div class=\"elementor-container elementor-column-gap-default\">\n\t\t\t\t\t<div class=\"elementor-column elementor-col-100 elementor-top-column elementor-element elementor-element-f5625df\" data-id=\"f5625df\" data-element_type=\"column\">\n\t\t\t<div class=\"elementor-widget-wrap elementor-element-populated\">\n\t\t\t\t\t\t\t\t<div class=\"elementor-element elementor-element-6d33de3 elementor-widget elementor-widget-gallery\" data-id=\"6d33de3\" data-element_type=\"widget\" data-settings=\"{&quot;background_overlay_hover_animation&quot;:&quot;enter-from-right&quot;,&quot;lazyload&quot;:&quot;yes&quot;,&quot;gallery_layout&quot;:&quot;grid&quot;,&quot;columns&quot;:4,&quot;columns_tablet&quot;:2,&quot;columns_mobile&quot;:1,&quot;gap&quot;:{&quot;unit&quot;:&quot;px&quot;,&quot;size&quot;:10,&quot;sizes&quot;:[]},&quot;gap_tablet&quot;:{&quot;unit&quot;:&quot;px&quot;,&quot;size&quot;:10,&quot;sizes&quot;:[]},&quot;gap_mobile&quot;:{&quot;unit&quot;:&quot;px&quot;,&quot;size&quot;:10,&quot;sizes&quot;:[]},&quot;link_to&quot;:&quot;file&quot;,&quot;aspect_ratio&quot;:&quot;3:2&quot;,&quot;overlay_background&quot;:&quot;yes&quot;,&quot;content_hover_animation&quot;:&quot;fade-in&quot;}\" data-widget_type=\"gallery.default\">\n\t\t\t\t<div class=\"elementor-widget-container\">\n\t\t\t\t\t<div class=\"elementor-gallery__container\">\n\t\t\t\t\t\t\t<a class=\"e-gallery-item elementor-gallery-item elementor-animated-content\" href=\"https:\/\/aliserve.com.br\/wp-content\/uploads\/2021\/04\/cctv-security-camera-on-monitor-the-abstract-store-8JJ2M3K-scaled.jpg\" data-elementor-open-lightbox=\"yes\" data-elementor-lightbox-slideshow=\"all-6d33de3\" data-elementor-lightbox-title=\"CCTV security camera on monitor the abstract store blurred in ha\">\n\t\t\t\t\t<div class=\"e-gallery-image elementor-gallery-item__image\" data-thumbnail=\"https:\/\/aliserve.com.br\/wp-content\/uploads\/2021\/04\/cctv-security-camera-on-monitor-the-abstract-store-8JJ2M3K-300x199.jpg\" data-width=\"300\" data-height=\"199\" alt=\"\" ><\/div>\n\t\t\t\t\t\t\t\t\t\t<div class=\"elementor-gallery-item__overlay\"><\/div>\n\t\t\t\t\t\t\t\t\t\t\t\t\t\t<\/a>\n\t\t\t\t\t\t\t<a class=\"e-gallery-item elementor-gallery-item elementor-animated-content\" href=\"https:\/\/aliserve.com.br\/wp-content\/uploads\/2021\/04\/banner-limpeza.jpg\" data-elementor-open-lightbox=\"yes\" data-elementor-lightbox-slideshow=\"all-6d33de3\" data-elementor-lightbox-title=\"Limpeza ALISERVE\">\n\t\t\t\t\t<div class=\"e-gallery-image elementor-gallery-item__image\" data-thumbnail=\"https:\/\/aliserve.com.br\/wp-content\/uploads\/2021\/04\/banner-limpeza-300x150.jpg\" data-width=\"300\" data-height=\"150\" alt=\"\" ><\/div>\n\t\t\t\t\t\t\t\t\t\t<div class=\"elementor-gallery-item__overlay\"><\/div>\n\t\t\t\t\t\t\t\t\t\t\t\t\t\t<\/a>\n\t\t\t\t\t<\/div>\n\t\t\t<\/div>\n\t\t\t\t<\/div>\n\t\t\t\t\t<\/div>\n\t\t<\/div>\n\t\t\t\t\t\t\t<\/div>\n\t\t<\/section>\n\t\t\t\t\t\t<\/div>\n\t\t\t\t\t<\/div>\n\t\t","protected":false},"excerpt":{"rendered":"<p>Zeladoria Diversos servi\u00e7os, entre os quais, os de zeladoria oferecendo profissional experientes. \u00a0 Voc\u00ea sabia que a falta de limpeza e de conserva\u00e7\u00e3o da empresa aceleram o processo de deteriora\u00e7\u00e3o das instala\u00e7\u00f5es? Esse \u00e9 um dos motivos pelo qual \u00e9 importante realizar a manuten\u00e7\u00e3o di\u00e1ria da empresa Nossos colaboradores s\u00e3o treinados e capacitados para cada [&hellip;]<\/p>\n","protected":false},"author":1,"featured_media":0,"parent":0,"menu_order":0,"comment_status":"closed","ping_status":"closed","template":"","meta":{"_monsterinsights_skip_tracking":false,"_monsterinsights_sitenote_active":false,"_monsterinsights_sitenote_note":"","_monsterinsights_sitenote_category":0,"_joinchat":[],"footnotes":""},"class_list":["post-199","page","type-page","status-publish","hentry","entry"],"_links":{"self":[{"href":"https:\/\/aliserve.com.br\/index.php\/wp-json\/wp\/v2\/pages\/199","targetHints":{"allow":["GET"]}}],"collection":[{"href":"https:\/\/aliserve.com.br\/index.php\/wp-json\/wp\/v2\/pages"}],"about":[{"href":"https:\/\/aliserve.com.br\/index.php\/wp-json\/wp\/v2\/types\/page"}],"author":[{"embeddable":true,"href":"https:\/\/aliserve.com.br\/index.php\/wp-json\/wp\/v2\/users\/1"}],"replies":[{"embeddable":true,"href":"https:\/\/aliserve.com.br\/index.php\/wp-json\/wp\/v2\/comments?post=199"}],"version-history":[{"count":56,"href":"https:\/\/aliserve.com.br\/index.php\/wp-json\/wp\/v2\/pages\/199\/revisions"}],"predecessor-version":[{"id":1369,"href":"https:\/\/aliserve.com.br\/index.php\/wp-json\/wp\/v2\/pages\/199\/revisions\/1369"}],"wp:attachment":[{"href":"https:\/\/aliserve.com.br\/index.php\/wp-json\/wp\/v2\/media?parent=199"}],"curies":[{"name":"wp","href":"https:\/\/api.w.org\/{rel}","templated":true}]}}